{"id":11841,"date":"2025-01-25T08:42:46","date_gmt":"2025-01-25T07:42:46","guid":{"rendered":"https:\/\/federacioncantabradehipica.com\/web\/?page_id=11841"},"modified":"2025-01-25T08:44:49","modified_gmt":"2025-01-25T07:44:49","slug":"equus-jaime-suarez-2","status":"publish","type":"page","link":"https:\/\/federacioncantabradehipica.com\/web\/?page_id=11841","title":{"rendered":"Equus Jaime Su\u00e1rez"},"content":{"rendered":"<p><img data-recalc-dims=\"1\" loading=\"lazy\" decoding=\"async\" data-attachment-id=\"11838\" data-permalink=\"https:\/\/federacioncantabradehipica.com\/web\/?attachment_id=11838\" data-orig-file=\"https:\/\/i0.wp.com\/federacioncantabradehipica.com\/web\/wp-content\/uploads\/2025\/01\/Screenshot-at-Jan-25-08-39-53.png?fit=1396%2C1098&amp;ssl=1\" data-orig-size=\"1396,1098\" data-comments-opened=\"0\" data-image-meta=\"{&quot;aperture&quot;:&quot;0&quot;,&quot;credit&quot;:&quot;&quot;,&quot;camera&quot;:&quot;&quot;,&quot;caption&quot;:&quot;&quot;,&quot;created_timestamp&quot;:&quot;0&quot;,&quot;copyright&quot;:&quot;&quot;,&quot;focal_length&quot;:&quot;0&quot;,&quot;iso&quot;:&quot;0&quot;,&quot;shutter_speed&quot;:&quot;0&quot;,&quot;title&quot;:&quot;&quot;,&quot;orientation&quot;:&quot;0&quot;}\" data-image-title=\"Screenshot at Jan 25 08-39-53\" data-image-description=\"\" data-image-caption=\"\" data-large-file=\"https:\/\/i0.wp.com\/federacioncantabradehipica.com\/web\/wp-content\/uploads\/2025\/01\/Screenshot-at-Jan-25-08-39-53.png?fit=1024%2C805&amp;ssl=1\" class=\" wp-image-11838 alignright\" src=\"https:\/\/i0.wp.com\/federacioncantabradehipica.com\/web\/wp-content\/uploads\/2025\/01\/Screenshot-at-Jan-25-08-39-53.png?resize=247%2C194&#038;ssl=1\" alt=\"\" width=\"247\" height=\"194\" srcset=\"https:\/\/i0.wp.com\/federacioncantabradehipica.com\/web\/wp-content\/uploads\/2025\/01\/Screenshot-at-Jan-25-08-39-53.png?resize=300%2C236&amp;ssl=1 300w, https:\/\/i0.wp.com\/federacioncantabradehipica.com\/web\/wp-content\/uploads\/2025\/01\/Screenshot-at-Jan-25-08-39-53.png?resize=1024%2C805&amp;ssl=1 1024w, https:\/\/i0.wp.com\/federacioncantabradehipica.com\/web\/wp-content\/uploads\/2025\/01\/Screenshot-at-Jan-25-08-39-53.png?resize=150%2C118&amp;ssl=1 150w, https:\/\/i0.wp.com\/federacioncantabradehipica.com\/web\/wp-content\/uploads\/2025\/01\/Screenshot-at-Jan-25-08-39-53.png?w=1396&amp;ssl=1 1396w\" sizes=\"auto, (max-width: 247px) 100vw, 247px\" \/>-Direcci\u00f3n: Finca Juenga (Guarnizo)<br \/>\n-Tel\u00e9fono: 667 666 872<br \/>\n-Correo electr\u00f3nico:<br \/>\n-P\u00e1gina web:<br \/>\n-C\u00f3digo de explotaci\u00f3n:<\/p>\n","protected":false},"excerpt":{"rendered":"<p>-Direcci\u00f3n: Finca Juenga (Guarnizo) -Tel\u00e9fono: 667 666 872 -Correo electr\u00f3nico: -P\u00e1gina web: -C\u00f3digo de explotaci\u00f3n:<\/p>\n","protected":false},"author":1,"featured_media":0,"parent":0,"menu_order":0,"comment_status":"closed","ping_status":"closed","template":"","meta":{"kt_blocks_editor_width":"","footnotes":""},"class_list":["post-11841","page","type-page","status-publish","hentry"],"jetpack_sharing_enabled":true,"jetpack_shortlink":"https:\/\/wp.me\/P3jrBv-34Z","jetpack_likes_enabled":false,"_links":{"self":[{"href":"https:\/\/federacioncantabradehipica.com\/web\/index.php?rest_route=\/wp\/v2\/pages\/11841","targetHints":{"allow":["GET"]}}],"collection":[{"href":"https:\/\/federacioncantabradehipica.com\/web\/index.php?rest_route=\/wp\/v2\/pages"}],"about":[{"href":"https:\/\/federacioncantabradehipica.com\/web\/index.php?rest_route=\/wp\/v2\/types\/page"}],"author":[{"embeddable":true,"href":"https:\/\/federacioncantabradehipica.com\/web\/index.php?rest_route=\/wp\/v2\/users\/1"}],"replies":[{"embeddable":true,"href":"https:\/\/federacioncantabradehipica.com\/web\/index.php?rest_route=%2Fwp%2Fv2%2Fcomments&post=11841"}],"version-history":[{"count":4,"href":"https:\/\/federacioncantabradehipica.com\/web\/index.php?rest_route=\/wp\/v2\/pages\/11841\/revisions"}],"predecessor-version":[{"id":11846,"href":"https:\/\/federacioncantabradehipica.com\/web\/index.php?rest_route=\/wp\/v2\/pages\/11841\/revisions\/11846"}],"wp:attachment":[{"href":"https:\/\/federacioncantabradehipica.com\/web\/index.php?rest_route=%2Fwp%2Fv2%2Fmedia&parent=11841"}],"curies":[{"name":"wp","href":"https:\/\/api.w.org\/{rel}","templated":true}]}}