{"id":1532,"date":"2013-12-24T13:30:47","date_gmt":"2013-12-24T12:30:47","guid":{"rendered":"http:\/\/federacioncantabradehipica.com\/web\/?page_id=1532"},"modified":"2023-11-07T00:04:14","modified_gmt":"2023-11-06T23:04:14","slug":"historia","status":"publish","type":"page","link":"https:\/\/federacioncantabradehipica.com\/web\/?page_id=1532","title":{"rendered":"Historia"},"content":{"rendered":"<h4 style=\"text-align: center;\"><em><strong>Presidentes<img data-recalc-dims=\"1\" loading=\"lazy\" decoding=\"async\" class=\"aligncenter\" src=\"https:\/\/i0.wp.com\/federacioncantabradehipica.com\/web\/wp-content\/uploads\/2013\/12\/escudo.png?resize=165%2C167\" alt=\"escudo\" width=\"165\" height=\"167\" \/><\/strong><\/em><\/h4>\n<ul>\n<li style=\"text-align: left;\">1982: D: Alfredo Bringas Chave\u00a0<em>(Delegado en Cantabria de la Federaci\u00f3n Regional del Norte)<\/em><\/li>\n<li style=\"text-align: left;\">1984: D. Santiago Mart\u00ednez<\/li>\n<li style=\"text-align: left;\">1985: D. Juan Capa Domecq<\/li>\n<li>1990: D. Jos\u00e9 Sererols\u00a0i Ciutat<\/li>\n<li style=\"text-align: left;\">1994: D. Manuel Alonso Lav\u00edn<\/li>\n<li style=\"text-align: left;\">1996 &#8211; 2011: D. Gonzalo Ros\u00e1enz Cabanas<\/li>\n<li style=\"text-align: left;\">2012 &#8211; Actualidad: D. Roberto Laherr\u00e1n Fern\u00e1ndez<br \/>\n<hr \/>\n<\/li>\n<\/ul>\n<h4 style=\"text-align: center;\"><strong>\u00bbAlerta de Plata\u00bb<\/strong><\/h4>\n<p style=\"text-align: center;\"><strong><br \/>\n<\/strong><em>Deportistas distinguidos por la Federaci\u00f3n C\u00e1ntabra de H\u00edpica para la elecci\u00f3n del mejor deportista de Cantabria &#8216;Alerta de Plata&#8217; entre 1980 y 1993<\/em><\/p>\n<ul>\n<li style=\"text-align: left;\">1980: D. Luis Alberto Ter\u00e1n<\/li>\n<li style=\"text-align: left;\">1981: D. Enrique Noriega<\/li>\n<li style=\"text-align: left;\">1983: D. C\u00e9sar Alonso<\/li>\n<li style=\"text-align: left;\">1983: D. Enrique Noriega<\/li>\n<li style=\"text-align: left;\">1983:\u00a0D. Luis Alberto Ter\u00e1n<\/li>\n<li style=\"text-align: left;\">1984: D. Servando Vicente<\/li>\n<li style=\"text-align: left;\">1984: D. Pedro Ventura D\u00edaz<\/li>\n<li style=\"text-align: left;\">1986: D. Enrique Noriega<\/li>\n<li style=\"text-align: left;\">1986: D. Pedro Ventura D\u00edaz<\/li>\n<li style=\"text-align: left;\">1988: D. Juan Cortiguera Ruiz<\/li>\n<li style=\"text-align: left;\">1989: D: Enrique Noriega<\/li>\n<li style=\"text-align: left;\">1990: D\u00aa. Elena Villar<\/li>\n<li style=\"text-align: left;\">1990: D. Enrique Noriega<\/li>\n<li style=\"text-align: left;\">1991: D. Carlos Artu\u00f1ano<\/li>\n<li style=\"text-align: left;\">1991: D. Baldomero Garc\u00eda<\/li>\n<li style=\"text-align: left;\">1991: D. Enrique Noriega<\/li>\n<li style=\"text-align: left;\">1992: D. Pablo Garc\u00eda\u00a0Piqueres<\/li>\n<li style=\"text-align: left;\">1992: D\u00aa. Sof\u00eda Astorqu\u00eda<\/li>\n<li style=\"text-align: left;\">1992: D. Jes\u00fas Garc\u00eda del Castillo<\/li>\n<li style=\"text-align: left;\">1993: D\u00aa. Sara Elena Mart\u00edn<\/li>\n<li style=\"text-align: left;\">1993:\u00a0D. Jes\u00fas Garc\u00eda del Castillo<\/li>\n<li style=\"text-align: left;\">1993: D\u00aa. Inmaculada Enr\u00edquez<br \/>\n<hr \/>\n<p style=\"text-align: justify;\"><img data-recalc-dims=\"1\" loading=\"lazy\" decoding=\"async\" data-attachment-id=\"9062\" data-permalink=\"https:\/\/federacioncantabradehipica.com\/web\/?attachment_id=9062\" data-orig-file=\"https:\/\/i0.wp.com\/federacioncantabradehipica.com\/web\/wp-content\/uploads\/2021\/06\/Julio-Garci%CC%81a.jpg?fit=820%2C533&amp;ssl=1\" data-orig-size=\"820,533\" data-comments-opened=\"0\" data-image-meta=\"{&quot;aperture&quot;:&quot;0&quot;,&quot;credit&quot;:&quot;&quot;,&quot;camera&quot;:&quot;&quot;,&quot;caption&quot;:&quot;&quot;,&quot;created_timestamp&quot;:&quot;0&quot;,&quot;copyright&quot;:&quot;&quot;,&quot;focal_length&quot;:&quot;0&quot;,&quot;iso&quot;:&quot;0&quot;,&quot;shutter_speed&quot;:&quot;0&quot;,&quot;title&quot;:&quot;&quot;,&quot;orientation&quot;:&quot;0&quot;}\" data-image-title=\"Julio Garci\u0301a\" data-image-description=\"\" data-image-caption=\"\" data-large-file=\"https:\/\/i0.wp.com\/federacioncantabradehipica.com\/web\/wp-content\/uploads\/2021\/06\/Julio-Garci%CC%81a.jpg?fit=820%2C533&amp;ssl=1\" class=\"size-medium wp-image-9062 alignright\" src=\"https:\/\/i0.wp.com\/federacioncantabradehipica.com\/web\/wp-content\/uploads\/2021\/06\/Julio-Garci%CC%81a.jpg?resize=300%2C195&#038;ssl=1\" alt=\"\" width=\"300\" height=\"195\" srcset=\"https:\/\/i0.wp.com\/federacioncantabradehipica.com\/web\/wp-content\/uploads\/2021\/06\/Julio-Garci%CC%81a.jpg?resize=300%2C195&amp;ssl=1 300w, https:\/\/i0.wp.com\/federacioncantabradehipica.com\/web\/wp-content\/uploads\/2021\/06\/Julio-Garci%CC%81a.jpg?resize=150%2C98&amp;ssl=1 150w, https:\/\/i0.wp.com\/federacioncantabradehipica.com\/web\/wp-content\/uploads\/2021\/06\/Julio-Garci%CC%81a.jpg?w=820&amp;ssl=1 820w\" sizes=\"auto, (max-width: 300px) 100vw, 300px\" \/><\/p>\n<h4 style=\"text-align: center;\"><strong>Deportistas hist\u00f3ricos<\/strong><\/h4>\n<\/li>\n<li style=\"text-align: justify;\"><strong>Julio Garc\u00eda Fern\u00e1ndez de los R\u00edos <\/strong>(Reinosa, 1894-Madrid, 1969), primera medalla de oro ol\u00edmpica (1928 &#8211; \u00c1msterdam) del deporte espa\u00f1ol y la primera medalla de oro de un deportista c\u00e1ntabro.\n<div id=\"post-body-7867270384469705437\" class=\"post-body entry-content\" style=\"text-align: justify;\">\n<div><\/div>\n<\/div>\n<div class=\"post-footer\" style=\"text-align: justify;\">Logr\u00f3 una medalla de oro en la prueba por equipos (junto con Jos\u00e9 Navarro Moren\u00e9s y Jos\u00e9 \u00c1lvarez de Bohorques), y el decimosegundo lugar en la individual. En 1958 fue nombrado presidente de la <strong>Real Federaci\u00f3n H\u00edpica Espa\u00f1ola<\/strong>.<\/div>\n<\/li>\n<\/ul>\n<p style=\"text-align: justify;\">\n","protected":false},"excerpt":{"rendered":"<p>Presidentes 1982: D: Alfredo Bringas Chave\u00a0(Delegado en Cantabria de la Federaci\u00f3n Regional del Norte) 1984: D. Santiago Mart\u00ednez 1985: D. Juan Capa Domecq 1990: D. Jos\u00e9 Sererols\u00a0i Ciutat 1994: D. Manuel Alonso Lav\u00edn 1996 &#8211; 2011: D. Gonzalo Ros\u00e1enz Cabanas &hellip; <a href=\"https:\/\/federacioncantabradehipica.com\/web\/?page_id=1532\">Continuar<\/a><\/p>\n","protected":false},"author":1,"featured_media":0,"parent":0,"menu_order":0,"comment_status":"closed","ping_status":"closed","template":"","meta":{"kt_blocks_editor_width":"","footnotes":""},"class_list":["post-1532","page","type-page","status-publish","hentry"],"jetpack_sharing_enabled":true,"jetpack_shortlink":"https:\/\/wp.me\/P3jrBv-oI","jetpack_likes_enabled":false,"_links":{"self":[{"href":"https:\/\/federacioncantabradehipica.com\/web\/index.php?rest_route=\/wp\/v2\/pages\/1532","targetHints":{"allow":["GET"]}}],"collection":[{"href":"https:\/\/federacioncantabradehipica.com\/web\/index.php?rest_route=\/wp\/v2\/pages"}],"about":[{"href":"https:\/\/federacioncantabradehipica.com\/web\/index.php?rest_route=\/wp\/v2\/types\/page"}],"author":[{"embeddable":true,"href":"https:\/\/federacioncantabradehipica.com\/web\/index.php?rest_route=\/wp\/v2\/users\/1"}],"replies":[{"embeddable":true,"href":"https:\/\/federacioncantabradehipica.com\/web\/index.php?rest_route=%2Fwp%2Fv2%2Fcomments&post=1532"}],"version-history":[{"count":17,"href":"https:\/\/federacioncantabradehipica.com\/web\/index.php?rest_route=\/wp\/v2\/pages\/1532\/revisions"}],"predecessor-version":[{"id":11096,"href":"https:\/\/federacioncantabradehipica.com\/web\/index.php?rest_route=\/wp\/v2\/pages\/1532\/revisions\/11096"}],"wp:attachment":[{"href":"https:\/\/federacioncantabradehipica.com\/web\/index.php?rest_route=%2Fwp%2Fv2%2Fmedia&parent=1532"}],"curies":[{"name":"wp","href":"https:\/\/api.w.org\/{rel}","templated":true}]}}