{"id":181,"date":"2013-02-18T15:24:30","date_gmt":"2013-02-18T15:24:30","guid":{"rendered":"http:\/\/lanzatest.pusku.com\/hipica\/?page_id=181"},"modified":"2025-12-31T18:46:16","modified_gmt":"2025-12-31T17:46:16","slug":"normas-de-actuacion-en-caso-de-accidente","status":"publish","type":"page","link":"https:\/\/federacioncantabradehipica.com\/web\/?page_id=181","title":{"rendered":"Normas de actuaci\u00f3n en caso de accidente&#8230;"},"content":{"rendered":"<div class=\"page\" title=\"Page 1\">\n<div class=\"layoutArea\">\n<div class=\"column\">\n<p style=\"text-align: justify;\"><span style=\"color: #ff0000;\"><strong><img data-recalc-dims=\"1\" loading=\"lazy\" decoding=\"async\" data-attachment-id=\"4700\" data-permalink=\"https:\/\/federacioncantabradehipica.com\/web\/?attachment_id=4700\" data-orig-file=\"https:\/\/i0.wp.com\/federacioncantabradehipica.com\/web\/wp-content\/uploads\/2017\/02\/protocolo-accidente.png?fit=366%2C366&amp;ssl=1\" data-orig-size=\"366,366\" data-comments-opened=\"0\" data-image-meta=\"{&quot;aperture&quot;:&quot;0&quot;,&quot;credit&quot;:&quot;&quot;,&quot;camera&quot;:&quot;&quot;,&quot;caption&quot;:&quot;&quot;,&quot;created_timestamp&quot;:&quot;0&quot;,&quot;copyright&quot;:&quot;&quot;,&quot;focal_length&quot;:&quot;0&quot;,&quot;iso&quot;:&quot;0&quot;,&quot;shutter_speed&quot;:&quot;0&quot;,&quot;title&quot;:&quot;&quot;,&quot;orientation&quot;:&quot;0&quot;}\" data-image-title=\"protocolo-accidente\" data-image-description=\"\" data-image-caption=\"\" data-large-file=\"https:\/\/i0.wp.com\/federacioncantabradehipica.com\/web\/wp-content\/uploads\/2017\/02\/protocolo-accidente.png?fit=366%2C366&amp;ssl=1\" class=\"size-medium wp-image-4700 alignright\" src=\"https:\/\/i0.wp.com\/federacioncantabradehipica.com\/web\/wp-content\/uploads\/2017\/02\/protocolo-accidente-300x300.png?resize=300%2C300\" alt=\"\" width=\"300\" height=\"300\" srcset=\"https:\/\/i0.wp.com\/federacioncantabradehipica.com\/web\/wp-content\/uploads\/2017\/02\/protocolo-accidente.png?resize=300%2C300&amp;ssl=1 300w, https:\/\/i0.wp.com\/federacioncantabradehipica.com\/web\/wp-content\/uploads\/2017\/02\/protocolo-accidente.png?resize=150%2C150&amp;ssl=1 150w, https:\/\/i0.wp.com\/federacioncantabradehipica.com\/web\/wp-content\/uploads\/2017\/02\/protocolo-accidente.png?w=366&amp;ssl=1 366w\" sizes=\"auto, (max-width: 300px) 100vw, 300px\" \/>Ante las numerosas incidencias que est\u00e1n surgiendo con los accidentes deportivos, la Federaci\u00f3n C\u00e1ntabra de H\u00edpica recuerda:<\/strong><\/span><\/p>\n<p style=\"text-align: justify;\"><span style=\"color: #ff0000;\"><strong>ES IMPRESCINDIBLE ACUDIR A UN CENTRO M\u00c9DICO CONCERTADO SALVO URGENCIA VITAL. En caso contrario, el seguro no se har\u00e1 cargo de los gastos ocasionados por la asistencia.<\/strong><\/span><\/p>\n<p><span style=\"color: #000000;\"><strong>El asegurado podr\u00e1 dirigirse a cualquier centro concertado, identific\u00e1ndose como <\/strong><\/span><br \/>\n<span style=\"color: #000000;\"><strong>asegurado\/federado y aportando el parte de accidentes. Puede informarse en el tel\u00e9fono <span style=\"color: #ff0000;\">919 912 440<\/span> para saber los centros de urgencia a los que puede dirigirse. En caso de requerir traslado en ambulancia ha de llamarse al <span style=\"color: #ff0000;\">900 900 118<\/span>. Es conveniente que disponga del parte de accidente.<\/strong><\/span><\/p>\n<p class=\"Default\" style=\"text-align: justify;\"><span style=\"color: windowtext;\">Su licencia federativa conlleva un seguro que le cubre los accidentes sufridos con motivo de la pr\u00e1ctica deportiva en los t\u00e9rminos previstos por el R.D. 849\/1993, de 4 de junio. Para hacer uso de este seguro es <strong>obligatorio<\/strong> que siga el siguiente protocolo marcado por la compa\u00f1\u00eda.<\/span><\/p>\n<\/div>\n<p>&nbsp;<\/p>\n<p><strong><u>NORMAS DE ACTUACI\u00d3N EN CASO DE ACCIDENTE<\/u><\/strong><\/p>\n<p>&nbsp;<\/p>\n<p><strong>La asistencia m\u00e9dica garantizada en la P\u00f3liza ser\u00e1 prestada por el Centro M\u00e9dico o facultativo concertado por ASISA.\u00a0 <\/strong>Para acceder a ella es <strong><u>imprescindible<\/u><\/strong> seguir los siguientes pasos:<\/p>\n<p>&nbsp;<\/p>\n<ol>\n<li><strong>Comunicaci\u00f3n del accidente e identificaci\u00f3n del centro concertado m\u00e1s pr\u00f3ximo<\/strong>.<br \/>\n\u2022 La asistencia m\u00e9dica ser\u00e1 prestada en los Centros del Cuadro M\u00e9dico de ASISA. En caso de accidente cubierto por la p\u00f3liza, el asegurado deber\u00e1 contactar con en el n\u00famero de tel\u00e9fono <span style=\"color: #ff0000;\"><strong>919 912 440<\/strong><\/span>, salvo casos de urgencia vital, y se le facilitar\u00e1 los datos y ubicaci\u00f3n del Centro del Cuadro M\u00e9dico m\u00e1s adecuado en atenci\u00f3n a las lesiones sufridas.<br \/>\n\u2022 Se puede consultar el cuadro m\u00e9dico de ASISA\u00a0 en el enlace que puede encontrar al final de esta p\u00e1gina.<\/li>\n<\/ol>\n<\/div>\n<p>&nbsp;<\/p>\n<div class=\"layoutArea\">\n<p><strong>2. Cumplimentaci\u00f3n del \u201c<a href=\"https:\/\/federacioncantabradehipica.com\/web\/wp-content\/uploads\/2025\/12\/FCH-Parte-Accidente-ASISA.pdf\">Parte de Comunicaci\u00f3n de Accidentes<\/a>\u201d. <\/strong>El accidente deber\u00e1 ser comunicado en un per\u00edodo m\u00e1ximo de <strong>7 d\u00edas<\/strong> a la plataforma de la siguiente manera:<\/p>\n<\/div>\n<\/div>\n<ul>\n<li>Enviar el parte de accidentes debidamente cumplimentado, junto con los informes y prescripciones m\u00e9dicas (si hubiesen) a: <span style=\"color: #ff0000;\"><strong>deportivas.cantabria@asisa.es <span style=\"color: #000000;\">y <span style=\"color: #ff0000;\">siniestros@grupoanagan.com<\/span><\/span><\/strong><\/span>\n<ul>\n<li>Es importante explicar detenidamente lo sucedido en el parte de accidentes.<\/li>\n<li>El <strong>parte<\/strong> debe ser <strong>sellado<\/strong> por la Federaci\u00f3n o centro h\u00edpico federado.<\/li>\n<li>Es importante que los <strong>datos de contacto sean correctos<\/strong>, a poder ser n\u00ba de m\u00f3vil del lesionado y\/o padres\/tutores, as\u00ed como email de contacto de los interesados.\u00a0Si los datos de contacto no son correctos ser\u00e1 imposible coordinar la asistencia.<\/li>\n<\/ul>\n<\/li>\n<\/ul>\n<p style=\"padding-left: 80px;\"><strong>Les informamos que, <u>la pol\u00edtica de atenci\u00f3n<\/u> a pacientes federados que acuden a <u>urgencias en el Hospital Momp\u00eda ha cambiado<\/u>.<\/strong>A partir de ahora<strong>, TODOS LOS PACIENTES FEDERADOS<\/strong> que acudan al servicio de urgencias <strong><u>sin el parte de accidentes anticipar\u00e1n el importe de la asistencia en el momento de la atenci\u00f3n.<\/u><\/strong><\/p>\n<p style=\"padding-left: 80px;\">Una vez que presente el parte de accidente, ya sea de manera presencial en el hospital o a trav\u00e9s de correo electr\u00f3nico ( <a href=\"mailto:urgencias@hospitalmompia.com\">urgencias@hospitalmompia.com<\/a> ), se proceder\u00e1 a la devoluci\u00f3n del importe. El proceso completo para el reembolso de la factura se le explicara al paciente de forma presencial en el mostrador de Admisi\u00f3n de Urgencias.<\/p>\n<p><!--more--><\/p>\n<p>3. <strong>Seguimiento de tratamiento y pruebas complementarias<\/strong>. Para cualquier autorizaci\u00f3n de prueba complementaria deber\u00e1n solicitar autorizaci\u00f3n previa. Es preciso una autorizaci\u00f3n de ASISA para:<br \/>\n\u2022 Hospitalizaci\u00f3n<br \/>\n\u2022 Intervenciones quir\u00fargicas.<br \/>\n\u2022 Consultas de otras especialidades, excepto traumatolog\u00eda y rehabilitaci\u00f3n.<br \/>\n\u2022 Pruebas complementarias especiales como TAC, RMN, etc.<br \/>\n\u2022 Rehabilitaci\u00f3n y\/o fisioterapia.<br \/>\n\u2022 PCR coronavirus preoperatorio.<\/p>\n<p>Para la tramitaci\u00f3n de las autorizaciones se debe aportar el parte de accidentes firmado por el lesionado y la Federaci\u00f3n, el informe m\u00e9dico de urgencias y\/o evolutivo y en el caso de tratamiento de rehabilitaci\u00f3n, adem\u00e1s, deber\u00e1 especificarse tratamiento y n\u00famero de sesiones, as\u00ed\u00a0 como diagn\u00f3stico del proceso, y se tendr\u00e1n que aportar las pruebas diagn\u00f3sticas realizadas. Se deber\u00e1 solicitar por e-mail, enviando toda la documentaci\u00f3n a la direcci\u00f3n de correo:\u00a0<strong><span style=\"color: #ff0000;\"> deportivas.cantabria@asisa.es<\/span><\/strong><br \/>\nEn los casos que el asegurado est\u00e9 de baja en la p\u00f3liza pero precise seguimiento, por estar en un ratamiento en curso dentro del l\u00edmite temporal de cobertura, deber\u00e1 solicitar autorizaci\u00f3n para todas las asistencias. Esto no aplica si est\u00e1 ya de alta en la nueva temporada<\/p>\n<p>&nbsp;<\/p>\n<p>4. En los casos de<span style=\"color: #ff0000;\"> <strong>URGENCIA VITAL <\/strong><\/span>el lesionado podr\u00e1 recibir la asistencia m\u00e9dica de urgencia en el Centro Sanitario m\u00e1s pr\u00f3ximo.\u00a0<strong>Una vez superada la asistencia de urgencias, el lesionado deber\u00e1 ser trasladado a un centro m\u00e9dico concertado.\u00a0<\/strong>En caso de permanencia en un CENTRO M\u00c9DICO NO CONCERTADO la Compa\u00f1\u00eda no se har\u00e1 cargo de los costes de la atenci\u00f3n prestada.<\/p>\n<div class=\"page\" title=\"Page 1\">\n<div class=\"layoutArea\">\n<p>El federado <strong>deber\u00e1 comunicar el primer d\u00eda h\u00e1bil su circunstancia<\/strong> a la plataforma de siniestros de ASISA.<\/p>\n<\/div>\n<p><strong>Urgencia vital<\/strong>: Situaci\u00f3n en que se haya producido de forma brusca o repentina una patolog\u00eda, derivada de un accidente deportivo, cuya naturaleza y s\u00edntomas hagan presumible un riesgo inminente o muy pr\u00f3ximo para la vida del asegurado, o un da\u00f1o irreparable para su integridad f\u00edsica de no llevarse a cabo una actuaci\u00f3n terap\u00e9utica inmediata, en esta situaci\u00f3n se deber\u00e1 dirigir al centro m\u00e1s cercano y, en caso de no estar concertado, Asisa posteriormente se har\u00e1 cargo de la asistencia recibida.<\/p>\n<div class=\"layoutArea\">\n<p>&nbsp;<\/p>\n<p>&nbsp;<\/p>\n<\/div>\n<\/div>\n<p>&nbsp;<\/p>\n<p><strong><u>ASPECTOS IMPORTANTES A TENER EN CUENTA<\/u><\/strong><\/p>\n<p>&nbsp;<\/p>\n<div class=\"page\" title=\"Page 1\">\n<div class=\"layoutArea\">\n<ul>\n<li>La Compa\u00f1\u00eda <strong>no se har\u00e1 cargo de los costes derivados de asistencias en centros no concertados<\/strong> o de la Seguridad Social excepto en los casos de urgencia vital. Las asistencias m\u00e9dicas en centros NO CONCERTADOS, salvo los casos de urgencia vital, ser\u00e1n por cuenta del propio lesionado. En el caso de que se facturaran a la Compa\u00f1\u00eda, \u00e9sta podr\u00e1 repercutirlos al asegurado.<\/li>\n<\/ul>\n<p>&nbsp;<\/p>\n<ul>\n<li>Ser\u00e1 motivo de <strong>cierre del expediente del Siniestro y por tanto, no continuidad de tratamiento<\/strong>, <strong><span style=\"color: #ff0000;\">si durante la BAJA MEDICA DEPORTIVA el Federado realiza actividad deportiva<\/span><\/strong>, <strong><u>careciendo de cobertura los accidentes posteriores que pudieran producirse sin estar de alta m\u00e9dica por un accidente anterior.<\/u><\/strong><\/li>\n<\/ul>\n<p>&nbsp;<\/p>\n<ul>\n<li>Cualquier asistencia, consulta m\u00e9dica, pruebas o rehabilitaci\u00f3n, que no sea de URGENCIAS, <u>deber\u00e1 ser autorizada previamente<\/u>, de lo contrario ser\u00e1 el federado quien se haga cargo de los costes incurridos.<\/li>\n<\/ul>\n<p>&nbsp;<\/p>\n<ul>\n<li>Les recordamos que la p\u00f3liza de la Federaci\u00f3n se rige seg\u00fan el Real Decreto 849\/1993 por la cual se incluyen las lesiones derivadas de accidente deportivo, es decir, por traumatismo puntual, violento, s\u00fabito y externo, durante la pr\u00e1ctica\u00a0 deportiva, siempre que no sean debidos a\u00a0 lesiones cr\u00f3nicas y\/o preexistentes. <strong>Se excluyen tambi\u00e9n las enfermedades\u00a0 o patolog\u00edas cr\u00f3nicas derivadas de la pr\u00e1ctica habitual del\u00a0 deporte, por microtraumatismos repetidos, tales como tendinitis y bursitis cr\u00f3nica, artrosis o artritis, hernias discales, y en general cualquier patolog\u00eda degenerativa.<\/strong><\/li>\n<\/ul>\n<p>&nbsp;<\/p>\n<\/div>\n<\/div>\n<p>&nbsp;<\/p>\n<p><strong><u>ENLACES RELACIONADOS:<\/u><\/strong><\/p>\n<p>&nbsp;<\/p>\n<ul>\n<li><a href=\"https:\/\/federacioncantabradehipica.com\/web\/wp-content\/uploads\/2025\/12\/Protocolo-Cantabria-ASISA.pdf\">Descargar Protocolo DE ACCIDENTE deportivo<\/a><\/li>\n<li><a href=\"https:\/\/federacioncantabradehipica.com\/web\/wp-content\/uploads\/2025\/12\/FCH-Parte-Accidente-ASISA.pdf\">Descarga PARTE DE ACCIDENTE DEPORTIVO<\/a><\/li>\n<li><a href=\"https:\/\/federacioncantabradehipica.com\/web\/wp-content\/uploads\/2023\/12\/Parte-de-accidente-con-Caballo.pdf\">Descargar PARTE DE COMUNICACI\u00d3N DE SINIESTRO DE RESPONSABILIDAD CIVIL DE CABALLOS<\/a><\/li>\n<li><a href=\"https:\/\/federacioncantabradehipica.com\/web\/wp-content\/uploads\/2023\/12\/PROCEDIMIENTO-EN-CASO-DE-SINIESTRO.pdf\">Protocolo de actuaci\u00f3n en caso de accidente relativo al seguro de R.C. de caballos<\/a><\/li>\n<li><a href=\"https:\/\/federacioncantabradehipica.com\/web\/wp-content\/uploads\/2025\/12\/Cantabria-ASISA-Centros-Concertados.pdf\">Descargar CENTROS CONCERTADOS<\/a><\/li>\n<\/ul>\n","protected":false},"excerpt":{"rendered":"<p>Ante las numerosas incidencias que est\u00e1n surgiendo con los accidentes deportivos, la Federaci\u00f3n C\u00e1ntabra de H\u00edpica recuerda: ES IMPRESCINDIBLE ACUDIR A UN CENTRO M\u00c9DICO CONCERTADO SALVO URGENCIA VITAL. En caso contrario, el seguro no se har\u00e1 cargo de los gastos &hellip; <a href=\"https:\/\/federacioncantabradehipica.com\/web\/?page_id=181\">Continuar<\/a><\/p>\n","protected":false},"author":1,"featured_media":0,"parent":0,"menu_order":0,"comment_status":"closed","ping_status":"closed","template":"","meta":{"kt_blocks_editor_width":"","footnotes":""},"class_list":["post-181","page","type-page","status-publish","hentry"],"jetpack_sharing_enabled":true,"jetpack_shortlink":"https:\/\/wp.me\/P3jrBv-2V","jetpack_likes_enabled":false,"_links":{"self":[{"href":"https:\/\/federacioncantabradehipica.com\/web\/index.php?rest_route=\/wp\/v2\/pages\/181","targetHints":{"allow":["GET"]}}],"collection":[{"href":"https:\/\/federacioncantabradehipica.com\/web\/index.php?rest_route=\/wp\/v2\/pages"}],"about":[{"href":"https:\/\/federacioncantabradehipica.com\/web\/index.php?rest_route=\/wp\/v2\/types\/page"}],"author":[{"embeddable":true,"href":"https:\/\/federacioncantabradehipica.com\/web\/index.php?rest_route=\/wp\/v2\/users\/1"}],"replies":[{"embeddable":true,"href":"https:\/\/federacioncantabradehipica.com\/web\/index.php?rest_route=%2Fwp%2Fv2%2Fcomments&post=181"}],"version-history":[{"count":55,"href":"https:\/\/federacioncantabradehipica.com\/web\/index.php?rest_route=\/wp\/v2\/pages\/181\/revisions"}],"predecessor-version":[{"id":12430,"href":"https:\/\/federacioncantabradehipica.com\/web\/index.php?rest_route=\/wp\/v2\/pages\/181\/revisions\/12430"}],"wp:attachment":[{"href":"https:\/\/federacioncantabradehipica.com\/web\/index.php?rest_route=%2Fwp%2Fv2%2Fmedia&parent=181"}],"curies":[{"name":"wp","href":"https:\/\/api.w.org\/{rel}","templated":true}]}}