{"id":2501,"date":"2014-12-29T20:48:05","date_gmt":"2014-12-29T19:48:05","guid":{"rendered":"http:\/\/federacioncantabradehipica.com\/web\/?page_id=2501"},"modified":"2026-02-19T18:26:23","modified_gmt":"2026-02-19T17:26:23","slug":"precio-de-las-licencias-2","status":"publish","type":"page","link":"https:\/\/federacioncantabradehipica.com\/web\/?page_id=2501","title":{"rendered":"Precio de las licencias"},"content":{"rendered":"<h2 style=\"text-align: center;\"><strong>TEMPORADA 2026<\/strong><\/h2>\n<p style=\"text-align: justify;\"><em>Estas licencias ser\u00e1n v\u00e1lidas del 1 de enero al 31 de diciembre, e incluyen todas ellas un seguro de accidente seg\u00fan Real Decreto 849\/1993 de 4 de Junio. (Fecha m\u00e1xima de validez: 31\/12\/2026)\u00a0<\/em><\/p>\n<p style=\"text-align: justify;\"><em>La idea de que federarse es algo que s\u00f3lo deben hacer aquellos que compiten en alguna disciplina es un error. La licencia federativa, al igual que en el resto de deportes, es un seguro que nos protege en caso de que suframos un accidente con un caballo, ya sea el nuestro, el que montamos para aprender o para dar paseos por el campo o el que alquilamos de forma espor\u00e1dica para hacer una ruta ecuestre. Los accidentes deportivos no est\u00e1n cubiertos por las p\u00f3lizas de la mayor parte de los seguros m\u00e9dicos y la Seguridad Social, por ello las Federaciones Deportivas tienen suscritas las coberturas correspondientes a estos riesgos.<\/em><\/p>\n<p style=\"text-align: justify;\"><em>Con la Licencia Deportiva tendr\u00e1s derecho a recibir una asistencia m\u00e9dica quir\u00fargica y farmac\u00e9utica en caso de accidente, y con la Licencia Anual Caballar, obtendr\u00e1s un seguro de responsabilidad civil de los da\u00f1os que pueda ocasionar tu caballo a terceros.<\/em><\/p>\n<p style=\"text-align: justify;\"><em><strong>AVISO: NO SE EXPEDIR\u00c1 NINGUNA LICENCIA HASTA QUE LA FEDERACI\u00d3N TENGA CONOCIMIENTO \/ NOTIFICACI\u00d3N DEL ABONO DE LA MISMA. <\/strong><\/em><\/p>\n<p style=\"text-align: justify;\"><em><strong>POR DECISI\u00d3N DE LA ASAMBLEA EL ABONO HA DE EFECTUARSE OBLIGATORIAMENTE DENTRO DEL MISMO MES DE LA SOLICITUD.<\/strong><\/em><\/p>\n<p>&nbsp;<\/p>\n<h2><span style=\"color: #800000;\"><b>JINETES Y AMAZONAS<\/b><\/span><\/h2>\n<p><b>1.-\u00a0<span style=\"text-decoration: underline;\">LICENCIA\u00a0 DE COMPETIDOR<\/span><\/b><\/p>\n<p><b><\/b>PERMITE:<\/p>\n<p>\u2013 Competir en toda competici\u00f3n NACIONAL. (<em>M\u00ednimo: GALOPE 4 con OPCI\u00d3N de las titulaciones de jinetes)<\/em><br \/>\n\u2013 Asistencia sanitaria en todo el territorio nacional en la pr\u00e1ctica de la equitaci\u00f3n, en caso de accidente deportivo.<br \/>\n\u2013 Poder acceder a los ex\u00e1menes de Galopes del sistema formativo de titulaciones de jinetes de la RFHE.<\/p>\n<ul>\n<li><strong>Adulto<\/strong> (a partir de 21 a\u00f1os). 170 Euros<\/li>\n<li><strong>J\u00f3ven Jinete<\/strong> (de 18 a 21 a\u00f1os). 170 Euros<\/li>\n<li><strong>Juvenil<\/strong> (de 14 a 18 a\u00f1os). 150 Euros<\/li>\n<li><strong>Infantil<\/strong> (de 12 a 14 a\u00f1os). 110 Euros<\/li>\n<li><strong>Alev\u00edn<\/strong> (hasta los 12 a\u00f1os).100 Euros<\/li>\n<li><strong>T\u00e9cnico<\/strong>\u00a0o\u00a0<strong>Juez<\/strong>. 170 Euros<\/li>\n<\/ul>\n<p>&nbsp;<\/p>\n<p><b>2.-\u00a0<span style=\"text-decoration: underline;\">LICENCIA DE PROMOCI\u00d3N<\/span><\/b><\/p>\n<p>PERMITE:<\/p>\n<p>\u2013 Competir en competiciones de \u00e1mbito TERRITORIAL.\u00a0<em>(M\u00ednimo: GALOPE 3 de las titulaciones de jinetes.)<\/em><br \/>\n\u2013 Asistencia sanitaria en todo el territorio nacional en la pr\u00e1ctica de la equitaci\u00f3n, en caso de accidente deportivo.<br \/>\n\u2013 Poder acceder a los ex\u00e1menes de Galopes del sistema formativo de titulaciones de jinetes de la RFHE.<\/p>\n<ul>\n<li><strong>Adulto\u00a0<\/strong>(A partir de 18 a\u00f1os). 95 Euros<\/li>\n<li><strong>Juvenil\u00a0<\/strong>(De 14 a 18 a\u00f1os). 90 Euros<\/li>\n<li><strong>Infantil\u00a0<\/strong>(De 12 a 14 a\u00f1os). 85 Euros<\/li>\n<li><strong>Alev\u00edn\u00a0<\/strong>(Hasta los 12 a\u00f1os). 80 Euros<\/li>\n<\/ul>\n<p>&nbsp;<\/p>\n<p><b>3.-\u00a0<span style=\"text-decoration: underline;\">LICENCIA CURSILLO<\/span><\/b><b><\/b><\/p>\n<p>Licencia v\u00e1lida \u00fanicamente por tres meses SIN POSIBILIDAD DE RENOVACI\u00d3N con fecha m\u00e1xima de expiraci\u00f3n 31\/12\/2026<\/p>\n<p>PERMITE:<\/p>\n<p>\u2013 Asistencia sanitaria en todo el territorio nacional en la pr\u00e1ctica de la equitaci\u00f3n, en caso de accidente deportivo.<br \/>\n\u2013 Poder acceder a los ex\u00e1menes de Galopes del sistema formativo de titulaciones de jinetes de la RFHE.<\/p>\n<p>NO PERMITE:<\/p>\n<p>\u2013 Competir en competiciones de ning\u00fan \u00e1mbito (ni territorial ni nacional).<\/p>\n<ul>\n<li><strong>Precio para todas las categor\u00edas<\/strong>:\u00a0 60 Euros<\/li>\n<\/ul>\n<p>&nbsp;<\/p>\n<p><b>4.-\u00a0<span style=\"text-decoration: underline;\">TARJETA DE SEGURO DEPORTIVO<\/span><\/b><\/p>\n<p><b><br \/>\n<\/b>PERMITE:<\/p>\n<p>\u2013 Asistencia sanitaria en todo el territorio nacional en la pr\u00e1ctica de la equitaci\u00f3n, en caso de accidente deportivo.<br \/>\n\u2013 Poder acceder a los ex\u00e1menes de Galopes del sistema formativo de titulaciones de jinetes de la RFHE.<\/p>\n<p>NO PERMITE:<\/p>\n<p>\u2013 Competir en competiciones de ning\u00fan \u00e1mbito (ni territorial ni nacional).<\/p>\n<ul>\n<li><strong>Precio para todas las categor\u00edas<\/strong>. 85 Euros<\/li>\n<\/ul>\n<p>&nbsp;<\/p>\n<h2><span style=\"color: #800000;\"><b>CABALLOS<\/b><\/span><\/h2>\n<p><b>1.-\u00a0LICENCIA\u00a0 DE COMPETIDOR<\/b><\/p>\n<p>PERMITE \/ CONTIENE:<br \/>\n\u2013 Competir en toda competici\u00f3n TERRITORIAL o NACIONAL.<br \/>\n\u2013 Responsabilidad civil a terceros.<\/p>\n<ul>\n<li><strong>Caballo competidor<\/strong>. 90 Euros.<\/li>\n<\/ul>\n<p>&nbsp;<\/p>\n<p><b>2.-\u00a0LICENCIA DE PASEO<br \/>\n<\/b>PERMITE \/ CONTIENE:<\/p>\n<p>\u2013 Responsabilidad civil a terceros.<\/p>\n<ul>\n<li><strong>Caballo no competidor \/ caballo paseo. <\/strong>\u00a070 Euros<\/li>\n<\/ul>\n<p>&nbsp;<\/p>\n<p><b>OTROS ART\u00cdCULOS<\/b><\/p>\n<p>-Libro Identificaci\u00f3n Caballar (LIC). 95 Euros.<br \/>\n-Tarjeta de Identificaci\u00f3n Caballar (TIC). 85 Euros.<br \/>\n-Cambio del nombre del caballo en LIC o TIC. 35 Euros.<br \/>\n-Renovaci\u00f3n LIC. 35 Euros.<\/p>\n<p>&nbsp;<\/p>\n<p><b>OTROS DOCUMENTOS<\/b><\/p>\n<ul>\n<li><a href=\"https:\/\/federacioncantabradehipica.com\/web\/wp-content\/uploads\/2025\/12\/Protocolo-Cantabria-ASISA.pdf\">Protocolo de actuaci\u00f3n en caso de accidentes 2026<\/a><\/li>\n<li><strong><a href=\"http:\/\/federacioncantabradehipica.com\/web\/wp-content\/uploads\/2014\/12\/NORMATIVA-TRAMITACION-PASAPORTES-FEI-2016-2.pdf\">Normativa para la tramitaci\u00f3n de pasaportes FEI<\/a><\/strong><\/li>\n<li>LISTADO PRECIOS 2026<\/li>\n<\/ul>\n<p>&nbsp;<\/p>\n<h2 style=\"text-align: center;\">SOLICITUD \u2018ONLINE\u2019 PARA JINETES <em>(usar \u00faltimo enlace)<\/em><\/h2>\n<h2 style=\"text-align: center;\">SOLICITUD \u2018ONLINE\u2019 PARA CABALLOS <em>(usar \u00faltimo enlace)<\/em><\/h2>\n<h2 style=\"text-align: center;\"><a href=\"https:\/\/federacioncantabradehipica.com\/web\/wp-content\/uploads\/2024\/12\/SOLICITUD-LICENCIAS-copia.pdf\">FORMULARIO DE SOLICITUD DE LICENCIAS 2026<\/a><\/h2>\n","protected":false},"excerpt":{"rendered":"<p>TEMPORADA 2026 Estas licencias ser\u00e1n v\u00e1lidas del 1 de enero al 31 de diciembre, e incluyen todas ellas un seguro de accidente seg\u00fan Real Decreto 849\/1993 de 4 de Junio. (Fecha m\u00e1xima de validez: 31\/12\/2026)\u00a0 La idea de que federarse &hellip; <a href=\"https:\/\/federacioncantabradehipica.com\/web\/?page_id=2501\">Continuar<\/a><\/p>\n","protected":false},"author":1,"featured_media":0,"parent":0,"menu_order":0,"comment_status":"closed","ping_status":"closed","template":"","meta":{"kt_blocks_editor_width":"","footnotes":""},"class_list":["post-2501","page","type-page","status-publish","hentry"],"jetpack_sharing_enabled":true,"jetpack_shortlink":"https:\/\/wp.me\/P3jrBv-El","jetpack_likes_enabled":false,"_links":{"self":[{"href":"https:\/\/federacioncantabradehipica.com\/web\/index.php?rest_route=\/wp\/v2\/pages\/2501","targetHints":{"allow":["GET"]}}],"collection":[{"href":"https:\/\/federacioncantabradehipica.com\/web\/index.php?rest_route=\/wp\/v2\/pages"}],"about":[{"href":"https:\/\/federacioncantabradehipica.com\/web\/index.php?rest_route=\/wp\/v2\/types\/page"}],"author":[{"embeddable":true,"href":"https:\/\/federacioncantabradehipica.com\/web\/index.php?rest_route=\/wp\/v2\/users\/1"}],"replies":[{"embeddable":true,"href":"https:\/\/federacioncantabradehipica.com\/web\/index.php?rest_route=%2Fwp%2Fv2%2Fcomments&post=2501"}],"version-history":[{"count":42,"href":"https:\/\/federacioncantabradehipica.com\/web\/index.php?rest_route=\/wp\/v2\/pages\/2501\/revisions"}],"predecessor-version":[{"id":12606,"href":"https:\/\/federacioncantabradehipica.com\/web\/index.php?rest_route=\/wp\/v2\/pages\/2501\/revisions\/12606"}],"wp:attachment":[{"href":"https:\/\/federacioncantabradehipica.com\/web\/index.php?rest_route=%2Fwp%2Fv2%2Fmedia&parent=2501"}],"curies":[{"name":"wp","href":"https:\/\/api.w.org\/{rel}","templated":true}]}}