{"id":289,"date":"2013-03-08T16:07:43","date_gmt":"2013-03-08T16:07:43","guid":{"rendered":"http:\/\/federacioncantabradehipica.com\/web\/?page_id=289"},"modified":"2022-06-20T18:04:16","modified_gmt":"2022-06-20T16:04:16","slug":"galopes","status":"publish","type":"page","link":"https:\/\/federacioncantabradehipica.com\/web\/?page_id=289","title":{"rendered":"Galopes y formaci\u00f3n oficial"},"content":{"rendered":"<h2 style=\"text-align: center;\"><a href=\"http:\/\/federacioncantabradehipica.com\/web\/?tribe_events_cat=galopes\"><strong>PR\u00d3XIMAS CONVOCATORIAS EN CANTABRIA<\/strong><\/a><\/h2>\n<p>Los &#8216;Galopes<span style=\"text-align: justify; line-height: 1.5em;\">&#8216; son un <\/span>Programa de Formaci\u00f3n de Jinetes<span style=\"text-align: justify; line-height: 1.5em;\"> estructurado en un total de nueve niveles de <\/span>Aptitud y Conocimientos<span style=\"text-align: justify; line-height: 1.5em;\"> de las <\/span>T\u00e9cnicas de la Equitaci\u00f3n<span style=\"text-align: justify; line-height: 1.5em;\"> y de <\/span>Manejo<span style=\"text-align: justify; line-height: 1.5em;\"> y <\/span>Cuidados del Caballo<span style=\"text-align: justify; line-height: 1.5em;\"> en las tres etapas de la formaci\u00f3n deportiva: <\/span>iniciaci\u00f3n<span style=\"text-align: justify; line-height: 1.5em;\">, <\/span>perfeccionamiento<span style=\"text-align: justify; line-height: 1.5em;\"> y <\/span>especializaci\u00f3n<span style=\"text-align: justify; line-height: 1.5em;\">.<\/span><\/p>\n<p style=\"text-align: justify;\">Este programa trata de relacionar estos niveles formativos con los <strong>niveles propios<\/strong> de la <strong>competici\u00f3n h\u00edpica<\/strong> en que se desarrollen, tanto en el \u00e1mbito <strong>regional<\/strong> como en el <strong>nacional<\/strong> y por tanto permiten establecer los <strong>niveles de capacidad<\/strong> que los jinetes deben acreditar al solicitar las <strong>licencias deportivas<\/strong> correspondientes.<\/p>\n<p style=\"text-align: justify;\">Los Galopes sirven para:<\/p>\n<ul>\n<li>Formar te\u00f3rica y pr\u00e1cticamente a los aficionados a la pr\u00e1ctica de la equitaci\u00f3n.<\/li>\n<li><span style=\"text-align: justify;\">Sirve de gu\u00eda y m\u00e9todo a los T\u00e9cnicos de la equitaci\u00f3n (profesores) para impartir docencia.<\/span><\/li>\n<li><span style=\"text-align: justify;\">Por medio de los Galopes hay en Espa\u00f1a una uniformidad de criterio en la ense\u00f1anza h\u00edpica.<\/span><\/li>\n<li><span style=\"text-align: justify;\">Para obtener la licencia de competici\u00f3n, por lo tanto para participar en competiciones de las distintas disciplinas.<\/span><\/li>\n<li><span style=\"text-align: justify;\">Para aquellos jinetes o amazonas que no compitiendo quieren tener constancia a trav\u00e9s de un t\u00edtulo de sus conocimientos h\u00edpicos.<\/span><\/li>\n<\/ul>\n<p style=\"text-align: justify;\">Para obtener los galopes ser\u00e1 necesario <strong>estar en posesi\u00f3n de la licencia federativa en vigor<\/strong> y <strong>superar los ex\u00e1menes<\/strong> que se convoquen.Estos ex\u00e1menes ser\u00e1n realizados en clubes homologados y con t\u00e9cnicos evaluadores titulados por la RFHE.\u00a0Existen libros de texto editados para los 7 niveles de galope en los que te puedes examinar.\u00a0La <strong>obligatoriedad<\/strong> de estar en posesi\u00f3n de la titulaci\u00f3n de los Galopes es a <strong>nivel competitivo<\/strong>, y desde el 1 de enero de 2007.\u00a0Para poder competir en cualquier disciplinas en concursos nacionales ser\u00e1 <strong>necesario<\/strong> tener como <strong>m\u00ednimo el nivel de galope 4<\/strong> <strong>con la opci\u00f3n de la disciplina correspondiente<\/strong>.\u00a0El nivel de galope que poseas estar\u00e1 indicado en tu licencia federativa.\u00a0Si deseas m\u00e1s informaci\u00f3n puedes descargarte la documentaci\u00f3n relacionada m\u00e1s abajo o ponerte en <a href=\"http:\/\/www.federacioncantabradehipica.com\/web\/?page_id=291\">contacto<\/a> con la Federaci\u00f3n.<\/p>\n<ul>\n<li><a href=\"http:\/\/federacioncantabradehipica.com\/web\/wp-content\/uploads\/2018\/11\/NOTA-OFICIAL-DE-LA-RFHE_Formaciones-oficiales-1.pdf\">Formaciones oficiales en disciplinas h\u00edpicas<\/a><\/li>\n<li><a href=\"http:\/\/www.rfhe.com\/formacion-rfhe\/\">Formaci\u00f3n RFHE<\/a><\/li>\n<li><a href=\"https:\/\/federacioncantabradehipica.com\/web\/wp-content\/uploads\/2021\/12\/20212212-REGLAMENTO-GALOPES-2022_FINAL.pdf\">Nueva normativa de galopes 2021<\/a><\/li>\n<li><a href=\"https:\/\/federacioncantabradehipica.com\/web\/wp-content\/uploads\/2021\/12\/Modelo-Acta-de-examen-todos-los-galopes-Word-ene10-2.0.pdf\">Modelo de acta de examen de todos los galopes (pdf)<\/a><\/li>\n<li><a href=\"https:\/\/federacioncantabradehipica.com\/web\/wp-content\/uploads\/2021\/12\/Circular-Informativa-F3-Departamento-de-Formacion-y-Ensenanza-rev-1.pdf\">Circular informativa 2021<\/a><\/li>\n<li><a href=\"http:\/\/federacioncantabradehipica.com\/web\/wp-content\/uploads\/2018\/07\/MODELONOTIFICACIONEXAMEN1235Y6.pdf\">Modelo de Notificaci\u00f3n de los clubes para Ex\u00e1menes de Galope 1, 2, 3 y 6<\/a><\/li>\n<li><a href=\"http:\/\/federacioncantabradehipica.com\/web\/wp-content\/uploads\/2018\/07\/MODELOPROPUESTAEXAMEN4Y7.pdf\">Modelo de Solicitud de los Clubes para Ex\u00e1menes de Galopes 4 y 7<\/a><\/li>\n<li><a href=\"http:\/\/www.rfhe.com\/wp-content\/uploads\/2018\/03\/cuaderno-de-evalu-galopes-1-a-4-comunes.pdf\">Cuaderno de evaluaci\u00f3n galopes 1 a 4 comunes<\/a><\/li>\n<li><a href=\"https:\/\/rfhe.com\/formacion-rfhe\/espacio-del-tecnico-deportivo-en-hipica\/guias-de-evaluaciones-de-los-galopes\/\">Gu\u00edas de evaluaci\u00f3n de galopes para examinadores (\u00a1NUEVO!)<\/a><\/li>\n<\/ul>\n<p>&nbsp;<\/p>\n<h2><strong>FORMACI\u00d3N PROFESIONAL ECUESTRE: T\u00c9CNICOS DEPORTIVOS EN EQUITACI\u00d3N<\/strong><\/h2>\n<p>Se trata de una\u00a0<strong>ense\u00f1anza reglada<\/strong>\u00a0que otorga titulaciones de Grado Medio (Ciclo Inicial y Final) y Grado Superior de t\u00e9cnico deportivo de equitaci\u00f3n, regulada en el\u00a0<a title=\"Reglamento de los T\u00edtulos de T\u00e9cnico Deportivo de Equitaci\u00f3n\" href=\"http:\/\/www.lagerencia.com\/docs\/Titulos%20de%20Tecnico%20Deportivo%20en%20Equitacion.pdf\" target=\"_new\" rel=\"noopener\">Real Decreto 933\/2010 de 23 de julio<\/a>, por el que se establecen los t\u00edtulos de T\u00e9cnico Deportivo en la disciplinas de salto, doma, y concurso completo de equitaci\u00f3n y T\u00e9cnico Deportivo en las disciplinas h\u00edpicas de resistencia, orientaci\u00f3n y turismo ecuestre, y se fijan sus ense\u00f1anzas m\u00ednimas y los requisitos de acceso.<\/p>\n<p>Los t\u00edtulos de\u00a0<strong>Grado Medio y Superior de T\u00e9cnicos Deportivos en Equitaci\u00f3n<\/strong>\u00a0tienen equivalencia a los de grado medio y superior de cualquier otra formaci\u00f3n profesional, con validez curricular oficial y profesional, y convalidables con otras ense\u00f1anzas. Se encuadran dentro de la ense\u00f1anza deportiva, prevista en los art\u00edculos 63 y siguientes de la Ley Org\u00e1nica de Educaci\u00f3n, y desarrollada por el\u00a0<a title=\"Reglamento de T\u00e9cnicos Deportivos\" href=\"http:\/\/www.lagerencia.com\/docs\/Reglamento_de_ensenanzas_deportivas.pdf\" target=\"_new\" rel=\"noopener\">Real Decreto 1363\/2007 de 24 de octubre, por el que se establece la ordenaci\u00f3n general de las ense\u00f1anzas deportivas de r\u00e9gimen especial<\/a>.<\/p>\n<p>Centros que imparten esta formaci\u00f3n en Cantabria:<\/p>\n<ul>\n<li><a href=\"http:\/\/www.lagerencia.com\/tecnicos.html\">Centro Ecuestre La Gerencia<\/a><\/li>\n<\/ul>\n<p>Cursos de t\u00e9cnicos deportivos en h\u00edpica:<\/p>\n<ul>\n<li><a href=\"https:\/\/rfhe.com\/formacion-rfhe\/espacio-del-tecnico-deportivo-en-hipica\/\">T\u00e9cnicos Deportivos Formaci\u00f3n RFHE<\/a><\/li>\n<\/ul>\n<p>&nbsp;<\/p>\n<h2><strong>HOMOLOGACI\u00d3N, CONVALIDACI\u00d3N Y EQUIVALENCIAS DE LAS FORMACIONES H\u00cdPICAS RECONOCIDAS ANTERIORES A 1999<\/strong><\/h2>\n<p>&nbsp;<\/p>\n<p>En 2021 finaliz\u00f3 el periodo para, de manera individual, solicitar los expedientes para la homologaci\u00f3n, convalidaci\u00f3n y equivalencias de las formaciones h\u00edpicas reconocidas anteriores a 1999. <a href=\"https:\/\/federacioncantabradehipica.com\/web\/wp-content\/uploads\/2021\/12\/Circular-homologacion-formaciones-anteriores-a-1999.pdf\">Ver circular del Dpto. de Formaci\u00f3n de la RFHE<\/a><\/p>\n<p>&nbsp;<\/p>\n","protected":false},"excerpt":{"rendered":"<p>PR\u00d3XIMAS CONVOCATORIAS EN CANTABRIA Los &#8216;Galopes&#8216; son un Programa de Formaci\u00f3n de Jinetes estructurado en un total de nueve niveles de Aptitud y Conocimientos de las T\u00e9cnicas de la Equitaci\u00f3n y de Manejo y Cuidados del Caballo en las tres &hellip; <a href=\"https:\/\/federacioncantabradehipica.com\/web\/?page_id=289\">Continuar<\/a><\/p>\n","protected":false},"author":1,"featured_media":0,"parent":0,"menu_order":0,"comment_status":"open","ping_status":"open","template":"","meta":{"kt_blocks_editor_width":"","footnotes":""},"class_list":["post-289","page","type-page","status-publish","hentry"],"jetpack_sharing_enabled":true,"jetpack_shortlink":"https:\/\/wp.me\/P3jrBv-4F","jetpack_likes_enabled":false,"_links":{"self":[{"href":"https:\/\/federacioncantabradehipica.com\/web\/index.php?rest_route=\/wp\/v2\/pages\/289","targetHints":{"allow":["GET"]}}],"collection":[{"href":"https:\/\/federacioncantabradehipica.com\/web\/index.php?rest_route=\/wp\/v2\/pages"}],"about":[{"href":"https:\/\/federacioncantabradehipica.com\/web\/index.php?rest_route=\/wp\/v2\/types\/page"}],"author":[{"embeddable":true,"href":"https:\/\/federacioncantabradehipica.com\/web\/index.php?rest_route=\/wp\/v2\/users\/1"}],"replies":[{"embeddable":true,"href":"https:\/\/federacioncantabradehipica.com\/web\/index.php?rest_route=%2Fwp%2Fv2%2Fcomments&post=289"}],"version-history":[{"count":83,"href":"https:\/\/federacioncantabradehipica.com\/web\/index.php?rest_route=\/wp\/v2\/pages\/289\/revisions"}],"predecessor-version":[{"id":10293,"href":"https:\/\/federacioncantabradehipica.com\/web\/index.php?rest_route=\/wp\/v2\/pages\/289\/revisions\/10293"}],"wp:attachment":[{"href":"https:\/\/federacioncantabradehipica.com\/web\/index.php?rest_route=%2Fwp%2Fv2%2Fmedia&parent=289"}],"curies":[{"name":"wp","href":"https:\/\/api.w.org\/{rel}","templated":true}]}}