{"id":291,"date":"2013-03-08T16:09:32","date_gmt":"2013-03-08T16:09:32","guid":{"rendered":"http:\/\/federacioncantabradehipica.com\/web\/?page_id=291"},"modified":"2025-12-31T18:52:17","modified_gmt":"2025-12-31T17:52:17","slug":"contacto","status":"publish","type":"page","link":"https:\/\/federacioncantabradehipica.com\/web\/?page_id=291","title":{"rendered":"Contacto"},"content":{"rendered":"<p style=\"text-align: center;\"><a href=\"https:\/\/i0.wp.com\/federacioncantabradehipica.com\/web\/wp-content\/uploads\/2013\/12\/553114_589197261116340_1094222973_n.jpg\"><img data-recalc-dims=\"1\" loading=\"lazy\" decoding=\"async\" data-attachment-id=\"1509\" data-permalink=\"https:\/\/federacioncantabradehipica.com\/web\/?attachment_id=1509\" data-orig-file=\"https:\/\/i0.wp.com\/federacioncantabradehipica.com\/web\/wp-content\/uploads\/2013\/12\/553114_589197261116340_1094222973_n.jpg?fit=900%2C600&amp;ssl=1\" data-orig-size=\"900,600\" data-comments-opened=\"0\" data-image-meta=\"{&quot;aperture&quot;:&quot;0&quot;,&quot;credit&quot;:&quot;&quot;,&quot;camera&quot;:&quot;&quot;,&quot;caption&quot;:&quot;&quot;,&quot;created_timestamp&quot;:&quot;0&quot;,&quot;copyright&quot;:&quot;&quot;,&quot;focal_length&quot;:&quot;0&quot;,&quot;iso&quot;:&quot;0&quot;,&quot;shutter_speed&quot;:&quot;0&quot;,&quot;title&quot;:&quot;&quot;}\" data-image-title=\"553114_589197261116340_1094222973_n\" data-image-description=\"\" data-image-caption=\"\" data-large-file=\"https:\/\/i0.wp.com\/federacioncantabradehipica.com\/web\/wp-content\/uploads\/2013\/12\/553114_589197261116340_1094222973_n.jpg?fit=900%2C600&amp;ssl=1\" class=\"size-medium wp-image-1509 aligncenter\" src=\"https:\/\/i0.wp.com\/federacioncantabradehipica.com\/web\/wp-content\/uploads\/2013\/12\/553114_589197261116340_1094222973_n-300x200.jpg?resize=300%2C200\" alt=\"553114_589197261116340_1094222973_n\" width=\"300\" height=\"200\" srcset=\"https:\/\/i0.wp.com\/federacioncantabradehipica.com\/web\/wp-content\/uploads\/2013\/12\/553114_589197261116340_1094222973_n.jpg?resize=300%2C200&amp;ssl=1 300w, https:\/\/i0.wp.com\/federacioncantabradehipica.com\/web\/wp-content\/uploads\/2013\/12\/553114_589197261116340_1094222973_n.jpg?resize=150%2C100&amp;ssl=1 150w, https:\/\/i0.wp.com\/federacioncantabradehipica.com\/web\/wp-content\/uploads\/2013\/12\/553114_589197261116340_1094222973_n.jpg?resize=262%2C175&amp;ssl=1 262w, https:\/\/i0.wp.com\/federacioncantabradehipica.com\/web\/wp-content\/uploads\/2013\/12\/553114_589197261116340_1094222973_n.jpg?w=900&amp;ssl=1 900w\" sizes=\"auto, (max-width: 300px) 100vw, 300px\" \/><\/a><\/p>\n<p style=\"text-align: center;\"><b>FEDERACI\u00d3N C\u00c1NTABRA DE H\u00cdPICA<\/b><\/p>\n<p style=\"text-align: center;\">C\/ Castilla, 89 &#8211; Entlo.\u00a039009 Santander (Cantabria)<\/p>\n<p style=\"text-align: center;\"><b>Tel\u00e9fono:\u00a0<\/b>942 313 878<br \/>\n<b>Correo Electr\u00f3nico (Secretar\u00eda):\u00a0<\/b>info@federacioncantabradehipica.com<\/p>\n<p style=\"text-align: center;\"><b>Horario de atenci\u00f3n al p\u00fablico*:\u00a0<\/b>Lunes y Jueves de 17:30 a 20:00 horas<b>.<\/b><\/p>\n<p>&nbsp;<\/p>\n<p><iframe loading=\"lazy\" src=\"http:\/\/maps.google.es\/maps?f=q&amp;source=s_q&amp;hl=es&amp;geocode=&amp;q=federacion+cantabra+de+hipica&amp;sll=40.396764,-3.713379&amp;sspn=12.15759,19.709473&amp;ie=UTF8&amp;ll=43.462825,-3.819466&amp;spn=0.010935,0.019248&amp;t=h&amp;z=14&amp;iwloc=A&amp;cid=18324534349035726322&amp;output=embed\" name=\"I1\" width=\"600\" height=\"400\" frameborder=\"0\" marginwidth=\"0\" marginheight=\"0\" scrolling=\"no\"><\/iframe><\/p>\n","protected":false},"excerpt":{"rendered":"<p>FEDERACI\u00d3N C\u00c1NTABRA DE H\u00cdPICA C\/ Castilla, 89 &#8211; Entlo.\u00a039009 Santander (Cantabria) Tel\u00e9fono:\u00a0942 313 878 Correo Electr\u00f3nico (Secretar\u00eda):\u00a0info@federacioncantabradehipica.com Horario de atenci\u00f3n al p\u00fablico*:\u00a0Lunes y Jueves de 17:30 a 20:00 horas. &nbsp;<\/p>\n","protected":false},"author":1,"featured_media":0,"parent":0,"menu_order":0,"comment_status":"open","ping_status":"open","template":"","meta":{"kt_blocks_editor_width":"","footnotes":""},"class_list":["post-291","page","type-page","status-publish","hentry"],"jetpack_sharing_enabled":true,"jetpack_shortlink":"https:\/\/wp.me\/P3jrBv-4H","jetpack_likes_enabled":false,"_links":{"self":[{"href":"https:\/\/federacioncantabradehipica.com\/web\/index.php?rest_route=\/wp\/v2\/pages\/291","targetHints":{"allow":["GET"]}}],"collection":[{"href":"https:\/\/federacioncantabradehipica.com\/web\/index.php?rest_route=\/wp\/v2\/pages"}],"about":[{"href":"https:\/\/federacioncantabradehipica.com\/web\/index.php?rest_route=\/wp\/v2\/types\/page"}],"author":[{"embeddable":true,"href":"https:\/\/federacioncantabradehipica.com\/web\/index.php?rest_route=\/wp\/v2\/users\/1"}],"replies":[{"embeddable":true,"href":"https:\/\/federacioncantabradehipica.com\/web\/index.php?rest_route=%2Fwp%2Fv2%2Fcomments&post=291"}],"version-history":[{"count":21,"href":"https:\/\/federacioncantabradehipica.com\/web\/index.php?rest_route=\/wp\/v2\/pages\/291\/revisions"}],"predecessor-version":[{"id":12431,"href":"https:\/\/federacioncantabradehipica.com\/web\/index.php?rest_route=\/wp\/v2\/pages\/291\/revisions\/12431"}],"wp:attachment":[{"href":"https:\/\/federacioncantabradehipica.com\/web\/index.php?rest_route=%2Fwp%2Fv2%2Fmedia&parent=291"}],"curies":[{"name":"wp","href":"https:\/\/api.w.org\/{rel}","templated":true}]}}