{"id":3521,"date":"2024-12-14T12:00:51","date_gmt":"2024-12-14T11:00:51","guid":{"rendered":"http:\/\/federacioncantabradehipica.com\/web\/?page_id=3521"},"modified":"2025-01-02T18:39:19","modified_gmt":"2025-01-02T17:39:19","slug":"asamblea","status":"publish","type":"page","link":"https:\/\/federacioncantabradehipica.com\/web\/?page_id=3521","title":{"rendered":"Asamblea"},"content":{"rendered":"<ul>\n<li><strong>Estamento de jueces &#8211; \u00c1rbitros<\/strong>\n<ul>\n<li>D. Pedro Villate Pell\u00f3n.<\/li>\n<li>D. Alfonso Bringas Velasco<\/li>\n<\/ul>\n<\/li>\n<\/ul>\n<ul>\n<li><strong>Estamento de deportistas <\/strong>\n<ul>\n<li>D. Luis Alberto Ter\u00e1n de la Piedra<\/li>\n<li>D. Jaime Su\u00e1rez P\u00e9rez<\/li>\n<li>D. Javier Cu\u00f1arro Al\u00e1ez<\/li>\n<li>D. Roberto Laherr\u00e1n Fern\u00e1ndez<\/li>\n<li>D. Celestino Gonz\u00e1lez Moreno<\/li>\n<li>D.Gerardo Lobo Alvarez<\/li>\n<li>D. Fausto Uriarte Gonz\u00e1lez<\/li>\n<li>D\u00aa Isabel Exp\u00f3sito Sisniega<\/li>\n<li>D\u00aa Ana Costas Toca<\/li>\n<li>D. Iv\u00e1n Serrano S\u00e1ez<\/li>\n<li>D\u00aa Maite Mart\u00ednez Barreda<\/li>\n<\/ul>\n<\/li>\n<\/ul>\n<ul>\n<li><strong>Estamento de t\u00e9cnicos<\/strong>\n<ul>\n<li>D\u00aa. Noelia Rubio Algorri<\/li>\n<li>D\u00aa. Mar\u00eda Jos\u00e9 Venero Hoyo<\/li>\n<li>D\u00aa Almudena Gallego San Jos\u00e9<\/li>\n<\/ul>\n<\/li>\n<li><strong>Estamento de clubes<\/strong>\n<ul>\n<li>CDE C.H. Laredo<\/li>\n<li>CDE CAFCA (La Gerencia)<\/li>\n<li>CDE Centro H\u00edpico El Bocal<\/li>\n<li>CDE CH Mogro<\/li>\n<li>CDE EL Pomar<\/li>\n<li>CDE Equus (Gornazo)<\/li>\n<li>Club H\u00edpico Los Robles<\/li>\n<li>H\u00edpica La Portilla<\/li>\n<li>CDB Heras Horses &amp; Events<\/li>\n<li>CDE La Quinta<\/li>\n<li>CDE Los Caballucos<\/li>\n<\/ul>\n<\/li>\n<\/ul>\n","protected":false},"excerpt":{"rendered":"<p>Estamento de jueces &#8211; \u00c1rbitros D. Pedro Villate Pell\u00f3n. D. Alfonso Bringas Velasco Estamento de deportistas D. Luis Alberto Ter\u00e1n de la Piedra D. Jaime Su\u00e1rez P\u00e9rez D. Javier Cu\u00f1arro Al\u00e1ez D. Roberto Laherr\u00e1n Fern\u00e1ndez D. Celestino Gonz\u00e1lez Moreno D.Gerardo &hellip; <a href=\"https:\/\/federacioncantabradehipica.com\/web\/?page_id=3521\">Continuar<\/a><\/p>\n","protected":false},"author":1,"featured_media":0,"parent":0,"menu_order":0,"comment_status":"closed","ping_status":"closed","template":"","meta":{"kt_blocks_editor_width":"","footnotes":""},"class_list":["post-3521","page","type-page","status-publish","hentry"],"jetpack_sharing_enabled":true,"jetpack_shortlink":"https:\/\/wp.me\/P3jrBv-UN","jetpack_likes_enabled":false,"_links":{"self":[{"href":"https:\/\/federacioncantabradehipica.com\/web\/index.php?rest_route=\/wp\/v2\/pages\/3521","targetHints":{"allow":["GET"]}}],"collection":[{"href":"https:\/\/federacioncantabradehipica.com\/web\/index.php?rest_route=\/wp\/v2\/pages"}],"about":[{"href":"https:\/\/federacioncantabradehipica.com\/web\/index.php?rest_route=\/wp\/v2\/types\/page"}],"author":[{"embeddable":true,"href":"https:\/\/federacioncantabradehipica.com\/web\/index.php?rest_route=\/wp\/v2\/users\/1"}],"replies":[{"embeddable":true,"href":"https:\/\/federacioncantabradehipica.com\/web\/index.php?rest_route=%2Fwp%2Fv2%2Fcomments&post=3521"}],"version-history":[{"count":11,"href":"https:\/\/federacioncantabradehipica.com\/web\/index.php?rest_route=\/wp\/v2\/pages\/3521\/revisions"}],"predecessor-version":[{"id":11741,"href":"https:\/\/federacioncantabradehipica.com\/web\/index.php?rest_route=\/wp\/v2\/pages\/3521\/revisions\/11741"}],"wp:attachment":[{"href":"https:\/\/federacioncantabradehipica.com\/web\/index.php?rest_route=%2Fwp%2Fv2%2Fmedia&parent=3521"}],"curies":[{"name":"wp","href":"https:\/\/api.w.org\/{rel}","templated":true}]}}