{"id":3621,"date":"2016-02-24T12:52:08","date_gmt":"2016-02-24T11:52:08","guid":{"rendered":"http:\/\/federacioncantabradehipica.com\/web\/?page_id=3621"},"modified":"2020-04-23T15:12:31","modified_gmt":"2020-04-23T13:12:31","slug":"centro-hipico-laredo","status":"publish","type":"page","link":"https:\/\/federacioncantabradehipica.com\/web\/?page_id=3621","title":{"rendered":"Centro H\u00edpico Laredo"},"content":{"rendered":"<p><img data-recalc-dims=\"1\" loading=\"lazy\" decoding=\"async\" data-attachment-id=\"5531\" data-permalink=\"https:\/\/federacioncantabradehipica.com\/web\/?attachment_id=5531\" data-orig-file=\"https:\/\/i0.wp.com\/federacioncantabradehipica.com\/web\/wp-content\/uploads\/2017\/12\/chlaredo.jpg?fit=232%2C164&amp;ssl=1\" data-orig-size=\"232,164\" data-comments-opened=\"0\" data-image-meta=\"{&quot;aperture&quot;:&quot;0&quot;,&quot;credit&quot;:&quot;&quot;,&quot;camera&quot;:&quot;&quot;,&quot;caption&quot;:&quot;&quot;,&quot;created_timestamp&quot;:&quot;0&quot;,&quot;copyright&quot;:&quot;&quot;,&quot;focal_length&quot;:&quot;0&quot;,&quot;iso&quot;:&quot;0&quot;,&quot;shutter_speed&quot;:&quot;0&quot;,&quot;title&quot;:&quot;&quot;,&quot;orientation&quot;:&quot;0&quot;}\" data-image-title=\"chlaredo\" data-image-description=\"\" data-image-caption=\"\" data-large-file=\"https:\/\/i0.wp.com\/federacioncantabradehipica.com\/web\/wp-content\/uploads\/2017\/12\/chlaredo.jpg?fit=232%2C164&amp;ssl=1\" class=\"size-full wp-image-5531 alignright\" src=\"https:\/\/i0.wp.com\/federacioncantabradehipica.com\/web\/wp-content\/uploads\/2017\/12\/chlaredo.jpg?resize=232%2C164\" alt=\"\" width=\"232\" height=\"164\" srcset=\"https:\/\/i0.wp.com\/federacioncantabradehipica.com\/web\/wp-content\/uploads\/2017\/12\/chlaredo.jpg?w=232&amp;ssl=1 232w, https:\/\/i0.wp.com\/federacioncantabradehipica.com\/web\/wp-content\/uploads\/2017\/12\/chlaredo.jpg?resize=150%2C106&amp;ssl=1 150w\" sizes=\"auto, (max-width: 232px) 100vw, 232px\" \/>&#8211;<strong>Direcci\u00f3n Postal<\/strong>: El Sable, 5. 39770 (Laredo)<br \/>\n&#8211;<strong>Tel\u00e9fono<\/strong>: 942 612 309<br \/>\n&#8211;<strong>Fax<\/strong>: \u2013<br \/>\n&#8211;<strong>Correo electr\u00f3nico<\/strong>: centrohipicolaredo@gmail.com<br \/>\n&#8211;<strong>P\u00e1gina web<\/strong>: <a href=\"http:\/\/www.centrohipicolaredo.com\/\" target=\"_blank\" rel=\"noopener noreferrer\">www.centrohipicolaredo.com<\/a><a href=\"http:\/\/chlaredo.jimdo.com\/\"><br \/>\n<\/a>&#8211;<strong>C\u00f3digo de explotaci\u00f3n<\/strong>:\u00a0ES390350000316<\/p>\n<p>-50 Boxes (bebederos autom\u00e1ticos).<br \/>\n-Guadarneses.<br \/>\n-Ducha interior y 2 exteriores (agua fr\u00eda y caliente).<br \/>\n-Taller.<br \/>\n-Almac\u00e9n de piensos y forrajes.<br \/>\n-Servicios independientes para hombres y mujeres.<br \/>\n-Ducha<br \/>\n-Vestuario<br \/>\n-Pista redonda de 20 mts. de di\u00e1metro<br \/>\n-Pista cubierta de 20X40<br \/>\n-Pista descubierta de 25X45<br \/>\n-Pista de concurso de Arena de silice con geotextil 50X80<br \/>\n-Paddocks, cada uno con su propio cobertizo y bebedero autom\u00e1tico<br \/>\n-Caminador de 4 caballos<br \/>\n-M\u00e1s de 50.ooo m2 de prados<\/p>\n<p><iframe loading=\"lazy\" style=\"border: 0;\" src=\"https:\/\/www.google.com\/maps\/embed?pb=!1m18!1m12!1m3!1d2898.546038793617!2d-3.4447716845102216!3d43.40741697913047!2m3!1f0!2f0!3f0!3m2!1i1024!2i768!4f13.1!3m3!1m2!1s0xd4ec046d0ac9f6f%3A0x6cab1cc84f6dbaa6!2sAsociacion+Deportiva+Centro+Hipico+Laredo!5e0!3m2!1ses!2ses!4v1456314719891\" width=\"600\" height=\"450\" frameborder=\"0\" allowfullscreen=\"allowfullscreen\"><\/iframe><\/p>\n","protected":false},"excerpt":{"rendered":"<p>&#8211;Direcci\u00f3n Postal: El Sable, 5. 39770 (Laredo) &#8211;Tel\u00e9fono: 942 612 309 &#8211;Fax: \u2013 &#8211;Correo electr\u00f3nico: centrohipicolaredo@gmail.com &#8211;P\u00e1gina web: www.centrohipicolaredo.com &#8211;C\u00f3digo de explotaci\u00f3n:\u00a0ES390350000316 -50 Boxes (bebederos autom\u00e1ticos). -Guadarneses. -Ducha interior y 2 exteriores (agua fr\u00eda y caliente). -Taller. -Almac\u00e9n de piensos &hellip; <a href=\"https:\/\/federacioncantabradehipica.com\/web\/?page_id=3621\">Continuar<\/a><\/p>\n","protected":false},"author":1,"featured_media":0,"parent":0,"menu_order":0,"comment_status":"closed","ping_status":"closed","template":"","meta":{"kt_blocks_editor_width":"","footnotes":""},"class_list":["post-3621","page","type-page","status-publish","hentry"],"jetpack_sharing_enabled":true,"jetpack_shortlink":"https:\/\/wp.me\/P3jrBv-Wp","jetpack_likes_enabled":false,"_links":{"self":[{"href":"https:\/\/federacioncantabradehipica.com\/web\/index.php?rest_route=\/wp\/v2\/pages\/3621","targetHints":{"allow":["GET"]}}],"collection":[{"href":"https:\/\/federacioncantabradehipica.com\/web\/index.php?rest_route=\/wp\/v2\/pages"}],"about":[{"href":"https:\/\/federacioncantabradehipica.com\/web\/index.php?rest_route=\/wp\/v2\/types\/page"}],"author":[{"embeddable":true,"href":"https:\/\/federacioncantabradehipica.com\/web\/index.php?rest_route=\/wp\/v2\/users\/1"}],"replies":[{"embeddable":true,"href":"https:\/\/federacioncantabradehipica.com\/web\/index.php?rest_route=%2Fwp%2Fv2%2Fcomments&post=3621"}],"version-history":[{"count":3,"href":"https:\/\/federacioncantabradehipica.com\/web\/index.php?rest_route=\/wp\/v2\/pages\/3621\/revisions"}],"predecessor-version":[{"id":7963,"href":"https:\/\/federacioncantabradehipica.com\/web\/index.php?rest_route=\/wp\/v2\/pages\/3621\/revisions\/7963"}],"wp:attachment":[{"href":"https:\/\/federacioncantabradehipica.com\/web\/index.php?rest_route=%2Fwp%2Fv2%2Fmedia&parent=3621"}],"curies":[{"name":"wp","href":"https:\/\/api.w.org\/{rel}","templated":true}]}}