{"id":3627,"date":"2016-02-24T12:58:30","date_gmt":"2016-02-24T11:58:30","guid":{"rendered":"http:\/\/federacioncantabradehipica.com\/web\/?page_id=3627"},"modified":"2025-09-03T09:10:30","modified_gmt":"2025-09-03T07:10:30","slug":"centro-hipico-el-bocal","status":"publish","type":"page","link":"https:\/\/federacioncantabradehipica.com\/web\/?page_id=3627","title":{"rendered":"Centro H\u00edpico El Bocal"},"content":{"rendered":"<p><img data-recalc-dims=\"1\" loading=\"lazy\" decoding=\"async\" data-attachment-id=\"5532\" data-permalink=\"https:\/\/federacioncantabradehipica.com\/web\/?attachment_id=5532\" data-orig-file=\"https:\/\/i0.wp.com\/federacioncantabradehipica.com\/web\/wp-content\/uploads\/2017\/12\/elbocal.jpg?fit=232%2C164&amp;ssl=1\" data-orig-size=\"232,164\" data-comments-opened=\"0\" data-image-meta=\"{&quot;aperture&quot;:&quot;0&quot;,&quot;credit&quot;:&quot;&quot;,&quot;camera&quot;:&quot;&quot;,&quot;caption&quot;:&quot;&quot;,&quot;created_timestamp&quot;:&quot;0&quot;,&quot;copyright&quot;:&quot;&quot;,&quot;focal_length&quot;:&quot;0&quot;,&quot;iso&quot;:&quot;0&quot;,&quot;shutter_speed&quot;:&quot;0&quot;,&quot;title&quot;:&quot;&quot;,&quot;orientation&quot;:&quot;0&quot;}\" data-image-title=\"elbocal\" data-image-description=\"\" data-image-caption=\"\" data-large-file=\"https:\/\/i0.wp.com\/federacioncantabradehipica.com\/web\/wp-content\/uploads\/2017\/12\/elbocal.jpg?fit=232%2C164&amp;ssl=1\" class=\"size-full wp-image-5532 alignright\" src=\"https:\/\/i0.wp.com\/federacioncantabradehipica.com\/web\/wp-content\/uploads\/2017\/12\/elbocal.jpg?resize=232%2C164\" alt=\"\" width=\"232\" height=\"164\" srcset=\"https:\/\/i0.wp.com\/federacioncantabradehipica.com\/web\/wp-content\/uploads\/2017\/12\/elbocal.jpg?w=232&amp;ssl=1 232w, https:\/\/i0.wp.com\/federacioncantabradehipica.com\/web\/wp-content\/uploads\/2017\/12\/elbocal.jpg?resize=150%2C106&amp;ssl=1 150w\" sizes=\"auto, (max-width: 232px) 100vw, 232px\" \/>-Direcci\u00f3n: Barrio Corbanera 1, Monte. 39012 (Santander)<br \/>\n-Tel\u00e9fono: 678 410 400<br \/>\n-Fax: \u2013<br \/>\n-P\u00e1gina web:\u00a0<a href=\"http:\/\/federacioncantabradehipica.com\/web\/www.centrohipicoelbocal.com\">www.centrohipicoelbocal.com<\/a><br \/>\n-Correo electr\u00f3nico: <a href=\"mailto:centrohipicoelbocal@gmail.com\">centrohipicoelbocal@gmail.com<\/a><br \/>\n-C\u00f3digo de explotaci\u00f3n:<\/p>\n<p>&nbsp;<\/p>\n<p><iframe loading=\"lazy\" style=\"border: 0;\" src=\"https:\/\/www.google.com\/maps\/embed?pb=!1m18!1m12!1m3!1d2895.0425457006313!2d-3.8226256847762876!3d43.48058247912759!2m3!1f0!2f0!3f0!3m2!1i1024!2i768!4f13.1!3m3!1m2!1s0xd494be13ad31405%3A0x4ee5fcd117326930!2sCentro+H%C3%ADpico+El+Bocal!5e0!3m2!1ses!2ses!4v1456315022820\" width=\"600\" height=\"450\" frameborder=\"0\" allowfullscreen=\"allowfullscreen\"><\/iframe><\/p>\n","protected":false},"excerpt":{"rendered":"<p>-Direcci\u00f3n: Barrio Corbanera 1, Monte. 39012 (Santander) -Tel\u00e9fono: 678 410 400 -Fax: \u2013 -P\u00e1gina web:\u00a0www.centrohipicoelbocal.com -Correo electr\u00f3nico: centrohipicoelbocal@gmail.com -C\u00f3digo de explotaci\u00f3n: &nbsp;<\/p>\n","protected":false},"author":1,"featured_media":0,"parent":0,"menu_order":0,"comment_status":"closed","ping_status":"closed","template":"","meta":{"kt_blocks_editor_width":"","footnotes":""},"class_list":["post-3627","page","type-page","status-publish","hentry"],"jetpack_sharing_enabled":true,"jetpack_shortlink":"https:\/\/wp.me\/P3jrBv-Wv","jetpack_likes_enabled":false,"_links":{"self":[{"href":"https:\/\/federacioncantabradehipica.com\/web\/index.php?rest_route=\/wp\/v2\/pages\/3627","targetHints":{"allow":["GET"]}}],"collection":[{"href":"https:\/\/federacioncantabradehipica.com\/web\/index.php?rest_route=\/wp\/v2\/pages"}],"about":[{"href":"https:\/\/federacioncantabradehipica.com\/web\/index.php?rest_route=\/wp\/v2\/types\/page"}],"author":[{"embeddable":true,"href":"https:\/\/federacioncantabradehipica.com\/web\/index.php?rest_route=\/wp\/v2\/users\/1"}],"replies":[{"embeddable":true,"href":"https:\/\/federacioncantabradehipica.com\/web\/index.php?rest_route=%2Fwp%2Fv2%2Fcomments&post=3627"}],"version-history":[{"count":5,"href":"https:\/\/federacioncantabradehipica.com\/web\/index.php?rest_route=\/wp\/v2\/pages\/3627\/revisions"}],"predecessor-version":[{"id":12305,"href":"https:\/\/federacioncantabradehipica.com\/web\/index.php?rest_route=\/wp\/v2\/pages\/3627\/revisions\/12305"}],"wp:attachment":[{"href":"https:\/\/federacioncantabradehipica.com\/web\/index.php?rest_route=%2Fwp%2Fv2%2Fmedia&parent=3627"}],"curies":[{"name":"wp","href":"https:\/\/api.w.org\/{rel}","templated":true}]}}