{"id":3631,"date":"2016-02-24T13:00:30","date_gmt":"2016-02-24T12:00:30","guid":{"rendered":"http:\/\/federacioncantabradehipica.com\/web\/?page_id=3631"},"modified":"2017-12-15T21:01:20","modified_gmt":"2017-12-15T20:01:20","slug":"centro-hipico-los-robles","status":"publish","type":"page","link":"https:\/\/federacioncantabradehipica.com\/web\/?page_id=3631","title":{"rendered":"Centro H\u00edpico Los Robles"},"content":{"rendered":"<p><img data-recalc-dims=\"1\" loading=\"lazy\" decoding=\"async\" data-attachment-id=\"5534\" data-permalink=\"https:\/\/federacioncantabradehipica.com\/web\/?attachment_id=5534\" data-orig-file=\"https:\/\/i0.wp.com\/federacioncantabradehipica.com\/web\/wp-content\/uploads\/2017\/12\/chlosrobles.jpg?fit=232%2C164&amp;ssl=1\" data-orig-size=\"232,164\" data-comments-opened=\"0\" data-image-meta=\"{&quot;aperture&quot;:&quot;0&quot;,&quot;credit&quot;:&quot;&quot;,&quot;camera&quot;:&quot;&quot;,&quot;caption&quot;:&quot;&quot;,&quot;created_timestamp&quot;:&quot;0&quot;,&quot;copyright&quot;:&quot;&quot;,&quot;focal_length&quot;:&quot;0&quot;,&quot;iso&quot;:&quot;0&quot;,&quot;shutter_speed&quot;:&quot;0&quot;,&quot;title&quot;:&quot;&quot;,&quot;orientation&quot;:&quot;0&quot;}\" data-image-title=\"chlosrobles\" data-image-description=\"\" data-image-caption=\"\" data-medium-file=\"https:\/\/i0.wp.com\/federacioncantabradehipica.com\/web\/wp-content\/uploads\/2017\/12\/chlosrobles.jpg?fit=232%2C164&amp;ssl=1\" data-large-file=\"https:\/\/i0.wp.com\/federacioncantabradehipica.com\/web\/wp-content\/uploads\/2017\/12\/chlosrobles.jpg?fit=232%2C164&amp;ssl=1\" class=\"size-full wp-image-5534 alignright\" src=\"https:\/\/i0.wp.com\/federacioncantabradehipica.com\/web\/wp-content\/uploads\/2017\/12\/chlosrobles.jpg?resize=232%2C164\" alt=\"\" width=\"232\" height=\"164\" srcset=\"https:\/\/i0.wp.com\/federacioncantabradehipica.com\/web\/wp-content\/uploads\/2017\/12\/chlosrobles.jpg?w=232&amp;ssl=1 232w, https:\/\/i0.wp.com\/federacioncantabradehipica.com\/web\/wp-content\/uploads\/2017\/12\/chlosrobles.jpg?resize=150%2C106&amp;ssl=1 150w\" sizes=\"auto, (max-width: 232px) 100vw, 232px\" \/>-Direcci\u00f3n Postal: Barrio La Tejera, 6. Boo de Pi\u00e9lagos.<br \/>\n-Tel\u00e9fono: 942 586 077<br \/>\n-Fax: 942 586 077<br \/>\n-Correo electr\u00f3nico: noelia_losrobles@hotmail.com<br \/>\n-P\u00e1gina web:\u00a0<a href=\"www.centrohipicolosrobles.es\">www.centrohipicolosrobles.es<br \/>\n<\/a>-C\u00f3digo de explotaci\u00f3n:\u00a0ES390520000692<\/p>\n<p><iframe loading=\"lazy\" style=\"border: 0;\" src=\"https:\/\/www.google.com\/maps\/embed?pb=!1m18!1m12!1m3!1d2897.748320331214!2d-3.930962384778312!3d43.4240848791298!2m3!1f0!2f0!3f0!3m2!1i1024!2i768!4f13.1!3m3!1m2!1s0xd49478d0f84a62d%3A0xd257867525ef706c!2sCentro+H%C3%ADpico+Los+Robles!5e0!3m2!1ses!2ses!4v1456315219569\" width=\"600\" height=\"450\" frameborder=\"0\" allowfullscreen=\"allowfullscreen\"><\/iframe><\/p>\n","protected":false},"excerpt":{"rendered":"<p>-Direcci\u00f3n Postal: Barrio La Tejera, 6. Boo de Pi\u00e9lagos. -Tel\u00e9fono: 942 586 077 -Fax: 942 586 077 -Correo electr\u00f3nico: noelia_losrobles@hotmail.com -P\u00e1gina web:\u00a0www.centrohipicolosrobles.es -C\u00f3digo de explotaci\u00f3n:\u00a0ES390520000692<\/p>\n","protected":false},"author":1,"featured_media":0,"parent":0,"menu_order":0,"comment_status":"closed","ping_status":"closed","template":"","meta":{"kt_blocks_editor_width":"","footnotes":""},"class_list":["post-3631","page","type-page","status-publish","hentry"],"jetpack_sharing_enabled":true,"jetpack_shortlink":"https:\/\/wp.me\/P3jrBv-Wz","jetpack_likes_enabled":false,"_links":{"self":[{"href":"https:\/\/federacioncantabradehipica.com\/web\/index.php?rest_route=\/wp\/v2\/pages\/3631","targetHints":{"allow":["GET"]}}],"collection":[{"href":"https:\/\/federacioncantabradehipica.com\/web\/index.php?rest_route=\/wp\/v2\/pages"}],"about":[{"href":"https:\/\/federacioncantabradehipica.com\/web\/index.php?rest_route=\/wp\/v2\/types\/page"}],"author":[{"embeddable":true,"href":"https:\/\/federacioncantabradehipica.com\/web\/index.php?rest_route=\/wp\/v2\/users\/1"}],"replies":[{"embeddable":true,"href":"https:\/\/federacioncantabradehipica.com\/web\/index.php?rest_route=%2Fwp%2Fv2%2Fcomments&post=3631"}],"version-history":[{"count":3,"href":"https:\/\/federacioncantabradehipica.com\/web\/index.php?rest_route=\/wp\/v2\/pages\/3631\/revisions"}],"predecessor-version":[{"id":5568,"href":"https:\/\/federacioncantabradehipica.com\/web\/index.php?rest_route=\/wp\/v2\/pages\/3631\/revisions\/5568"}],"wp:attachment":[{"href":"https:\/\/federacioncantabradehipica.com\/web\/index.php?rest_route=%2Fwp%2Fv2%2Fmedia&parent=3631"}],"curies":[{"name":"wp","href":"https:\/\/api.w.org\/{rel}","templated":true}]}}