{"id":3636,"date":"2016-02-24T13:03:36","date_gmt":"2016-02-24T12:03:36","guid":{"rendered":"http:\/\/federacioncantabradehipica.com\/web\/?page_id=3636"},"modified":"2023-11-07T00:07:45","modified_gmt":"2023-11-06T23:07:45","slug":"equus-jaime-suarez","status":"publish","type":"page","link":"https:\/\/federacioncantabradehipica.com\/web\/?page_id=3636","title":{"rendered":"UMA Centro H\u00edpico"},"content":{"rendered":"<p>&#8211;<strong>Direcci\u00f3n Postal<\/strong>: Barrio Cascabel 137, Gornazo<br \/>\n&#8211;<strong>Tel\u00e9fono<\/strong>: 649 05 2 119<img data-recalc-dims=\"1\" loading=\"lazy\" decoding=\"async\" data-attachment-id=\"11100\" data-permalink=\"https:\/\/federacioncantabradehipica.com\/web\/?attachment_id=11100\" data-orig-file=\"https:\/\/i0.wp.com\/federacioncantabradehipica.com\/web\/wp-content\/uploads\/2023\/11\/umach.jpg?fit=960%2C959&amp;ssl=1\" data-orig-size=\"960,959\" data-comments-opened=\"0\" data-image-meta=\"{&quot;aperture&quot;:&quot;0&quot;,&quot;credit&quot;:&quot;&quot;,&quot;camera&quot;:&quot;&quot;,&quot;caption&quot;:&quot;&quot;,&quot;created_timestamp&quot;:&quot;0&quot;,&quot;copyright&quot;:&quot;&quot;,&quot;focal_length&quot;:&quot;0&quot;,&quot;iso&quot;:&quot;0&quot;,&quot;shutter_speed&quot;:&quot;0&quot;,&quot;title&quot;:&quot;&quot;,&quot;orientation&quot;:&quot;0&quot;}\" data-image-title=\"umach\" data-image-description=\"\" data-image-caption=\"\" data-large-file=\"https:\/\/i0.wp.com\/federacioncantabradehipica.com\/web\/wp-content\/uploads\/2023\/11\/umach.jpg?fit=960%2C959&amp;ssl=1\" class=\" wp-image-11100 alignright\" src=\"https:\/\/i0.wp.com\/federacioncantabradehipica.com\/web\/wp-content\/uploads\/2023\/11\/umach.jpg?resize=139%2C139&#038;ssl=1\" alt=\"\" width=\"139\" height=\"139\" srcset=\"https:\/\/i0.wp.com\/federacioncantabradehipica.com\/web\/wp-content\/uploads\/2023\/11\/umach.jpg?resize=300%2C300&amp;ssl=1 300w, https:\/\/i0.wp.com\/federacioncantabradehipica.com\/web\/wp-content\/uploads\/2023\/11\/umach.jpg?resize=150%2C150&amp;ssl=1 150w, https:\/\/i0.wp.com\/federacioncantabradehipica.com\/web\/wp-content\/uploads\/2023\/11\/umach.jpg?w=960&amp;ssl=1 960w\" sizes=\"auto, (max-width: 139px) 100vw, 139px\" \/><br \/>\n&#8211;<strong>Correo electr\u00f3nico<\/strong>: equusgornazo@gmail.com<br \/>\n<iframe loading=\"lazy\" style=\"border: 0;\" src=\"https:\/\/www.google.com\/maps\/embed?pb=!1m18!1m12!1m3!1d2566.364484523841!2d-3.9900616930063024!3d43.40875018122357!2m3!1f0!2f0!3f0!3m2!1i1024!2i768!4f13.1!3m3!1m2!1s0x0000000000000000%3A0xc1e5f58573b12731!2sCentro+H%C3%ADpico+Equus!5e1!3m2!1ses!2ses!4v1456315354312\" width=\"600\" height=\"450\" frameborder=\"0\" allowfullscreen=\"allowfullscreen\"><\/iframe><\/p>\n","protected":false},"excerpt":{"rendered":"<p>&#8211;Direcci\u00f3n Postal: Barrio Cascabel 137, Gornazo &#8211;Tel\u00e9fono: 649 05 2 119 &#8211;Correo electr\u00f3nico: equusgornazo@gmail.com<\/p>\n","protected":false},"author":1,"featured_media":0,"parent":0,"menu_order":0,"comment_status":"closed","ping_status":"closed","template":"","meta":{"kt_blocks_editor_width":"","footnotes":""},"class_list":["post-3636","page","type-page","status-publish","hentry"],"jetpack_sharing_enabled":true,"jetpack_shortlink":"https:\/\/wp.me\/P3jrBv-WE","jetpack_likes_enabled":false,"_links":{"self":[{"href":"https:\/\/federacioncantabradehipica.com\/web\/index.php?rest_route=\/wp\/v2\/pages\/3636","targetHints":{"allow":["GET"]}}],"collection":[{"href":"https:\/\/federacioncantabradehipica.com\/web\/index.php?rest_route=\/wp\/v2\/pages"}],"about":[{"href":"https:\/\/federacioncantabradehipica.com\/web\/index.php?rest_route=\/wp\/v2\/types\/page"}],"author":[{"embeddable":true,"href":"https:\/\/federacioncantabradehipica.com\/web\/index.php?rest_route=\/wp\/v2\/users\/1"}],"replies":[{"embeddable":true,"href":"https:\/\/federacioncantabradehipica.com\/web\/index.php?rest_route=%2Fwp%2Fv2%2Fcomments&post=3636"}],"version-history":[{"count":9,"href":"https:\/\/federacioncantabradehipica.com\/web\/index.php?rest_route=\/wp\/v2\/pages\/3636\/revisions"}],"predecessor-version":[{"id":11102,"href":"https:\/\/federacioncantabradehipica.com\/web\/index.php?rest_route=\/wp\/v2\/pages\/3636\/revisions\/11102"}],"wp:attachment":[{"href":"https:\/\/federacioncantabradehipica.com\/web\/index.php?rest_route=%2Fwp%2Fv2%2Fmedia&parent=3636"}],"curies":[{"name":"wp","href":"https:\/\/api.w.org\/{rel}","templated":true}]}}