{"id":3646,"date":"2016-02-24T13:08:06","date_gmt":"2016-02-24T12:08:06","guid":{"rendered":"http:\/\/federacioncantabradehipica.com\/web\/?page_id=3646"},"modified":"2017-12-15T21:03:18","modified_gmt":"2017-12-15T20:03:18","slug":"centro-ecuestre-santibanez","status":"publish","type":"page","link":"https:\/\/federacioncantabradehipica.com\/web\/?page_id=3646","title":{"rendered":"Centro Ecuestre Santib\u00e1\u00f1ez"},"content":{"rendered":"<p><img data-recalc-dims=\"1\" loading=\"lazy\" decoding=\"async\" data-attachment-id=\"5550\" data-permalink=\"https:\/\/federacioncantabradehipica.com\/web\/?attachment_id=5550\" data-orig-file=\"https:\/\/i0.wp.com\/federacioncantabradehipica.com\/web\/wp-content\/uploads\/2017\/12\/santibanez.jpg?fit=232%2C164&amp;ssl=1\" data-orig-size=\"232,164\" data-comments-opened=\"0\" data-image-meta=\"{&quot;aperture&quot;:&quot;0&quot;,&quot;credit&quot;:&quot;&quot;,&quot;camera&quot;:&quot;&quot;,&quot;caption&quot;:&quot;&quot;,&quot;created_timestamp&quot;:&quot;0&quot;,&quot;copyright&quot;:&quot;&quot;,&quot;focal_length&quot;:&quot;0&quot;,&quot;iso&quot;:&quot;0&quot;,&quot;shutter_speed&quot;:&quot;0&quot;,&quot;title&quot;:&quot;&quot;,&quot;orientation&quot;:&quot;0&quot;}\" data-image-title=\"santibanez\" data-image-description=\"\" data-image-caption=\"\" data-large-file=\"https:\/\/i0.wp.com\/federacioncantabradehipica.com\/web\/wp-content\/uploads\/2017\/12\/santibanez.jpg?fit=232%2C164&amp;ssl=1\" class=\"size-full wp-image-5550 alignright\" src=\"https:\/\/i0.wp.com\/federacioncantabradehipica.com\/web\/wp-content\/uploads\/2017\/12\/santibanez.jpg?resize=232%2C164\" alt=\"\" width=\"232\" height=\"164\" srcset=\"https:\/\/i0.wp.com\/federacioncantabradehipica.com\/web\/wp-content\/uploads\/2017\/12\/santibanez.jpg?w=232&amp;ssl=1 232w, https:\/\/i0.wp.com\/federacioncantabradehipica.com\/web\/wp-content\/uploads\/2017\/12\/santibanez.jpg?resize=150%2C106&amp;ssl=1 150w\" sizes=\"auto, (max-width: 232px) 100vw, 232px\" \/>-Direcci\u00f3n: Barrio Villalaz, 11. 39649. Santib\u00e1\u00f1ez (Villacarriedo)<br \/>\n-Tel\u00e9fono: 606 210 934 \/ 699 001 644<br \/>\n-Fax: &#8211;<br \/>\n-Correo electr\u00f3nico: depolur@depolur.com<br \/>\n-P\u00e1gina web:\u00a0<a href=\"http:\/\/www.depolur.com\">www.depolur.com<\/a><a href=\"www.centrohipicolosrobles.es\"><br \/>\n<\/a>-C\u00f3digo de explotaci\u00f3n:\u00a0ES390980000621<\/p>\n<p><iframe loading=\"lazy\" style=\"border: 0;\" src=\"https:\/\/www.google.com\/maps\/embed?pb=!1m18!1m12!1m3!1d2573.4063820975066!2d-3.8394636847849775!3d43.242294979137434!2m3!1f0!2f0!3f0!3m2!1i1024!2i768!4f13.1!3m3!1m2!1s0xd492e6dca111a37%3A0x60d82acd86c35873!2sCentro+Ecuestre+Santib%C3%A1%C3%B1ez+-+Campamentos+de+verano+-+Equitaci%C3%B3n!5e1!3m2!1ses!2ses!4v1456315678344\" width=\"600\" height=\"450\" frameborder=\"0\" allowfullscreen=\"allowfullscreen\"><\/iframe><\/p>\n","protected":false},"excerpt":{"rendered":"<p>-Direcci\u00f3n: Barrio Villalaz, 11. 39649. Santib\u00e1\u00f1ez (Villacarriedo) -Tel\u00e9fono: 606 210 934 \/ 699 001 644 -Fax: &#8211; -Correo electr\u00f3nico: depolur@depolur.com -P\u00e1gina web:\u00a0www.depolur.com -C\u00f3digo de explotaci\u00f3n:\u00a0ES390980000621<\/p>\n","protected":false},"author":1,"featured_media":0,"parent":0,"menu_order":0,"comment_status":"closed","ping_status":"closed","template":"","meta":{"kt_blocks_editor_width":"","footnotes":""},"class_list":["post-3646","page","type-page","status-publish","hentry"],"jetpack_sharing_enabled":true,"jetpack_shortlink":"https:\/\/wp.me\/P3jrBv-WO","jetpack_likes_enabled":false,"_links":{"self":[{"href":"https:\/\/federacioncantabradehipica.com\/web\/index.php?rest_route=\/wp\/v2\/pages\/3646","targetHints":{"allow":["GET"]}}],"collection":[{"href":"https:\/\/federacioncantabradehipica.com\/web\/index.php?rest_route=\/wp\/v2\/pages"}],"about":[{"href":"https:\/\/federacioncantabradehipica.com\/web\/index.php?rest_route=\/wp\/v2\/types\/page"}],"author":[{"embeddable":true,"href":"https:\/\/federacioncantabradehipica.com\/web\/index.php?rest_route=\/wp\/v2\/users\/1"}],"replies":[{"embeddable":true,"href":"https:\/\/federacioncantabradehipica.com\/web\/index.php?rest_route=%2Fwp%2Fv2%2Fcomments&post=3646"}],"version-history":[{"count":2,"href":"https:\/\/federacioncantabradehipica.com\/web\/index.php?rest_route=\/wp\/v2\/pages\/3646\/revisions"}],"predecessor-version":[{"id":5571,"href":"https:\/\/federacioncantabradehipica.com\/web\/index.php?rest_route=\/wp\/v2\/pages\/3646\/revisions\/5571"}],"wp:attachment":[{"href":"https:\/\/federacioncantabradehipica.com\/web\/index.php?rest_route=%2Fwp%2Fv2%2Fmedia&parent=3646"}],"curies":[{"name":"wp","href":"https:\/\/api.w.org\/{rel}","templated":true}]}}