{"id":3662,"date":"2016-02-24T13:16:19","date_gmt":"2016-02-24T12:16:19","guid":{"rendered":"http:\/\/federacioncantabradehipica.com\/web\/?page_id=3662"},"modified":"2017-12-15T21:04:56","modified_gmt":"2017-12-15T20:04:56","slug":"yeguada-diaz-cuero","status":"publish","type":"page","link":"https:\/\/federacioncantabradehipica.com\/web\/?page_id=3662","title":{"rendered":"Yeguada D\u00edaz Cuero"},"content":{"rendered":"<p><img data-recalc-dims=\"1\" loading=\"lazy\" decoding=\"async\" data-attachment-id=\"5546\" data-permalink=\"https:\/\/federacioncantabradehipica.com\/web\/?attachment_id=5546\" data-orig-file=\"https:\/\/i0.wp.com\/federacioncantabradehipica.com\/web\/wp-content\/uploads\/2017\/12\/YDC.jpg?fit=232%2C164&amp;ssl=1\" data-orig-size=\"232,164\" data-comments-opened=\"0\" data-image-meta=\"{&quot;aperture&quot;:&quot;0&quot;,&quot;credit&quot;:&quot;&quot;,&quot;camera&quot;:&quot;&quot;,&quot;caption&quot;:&quot;&quot;,&quot;created_timestamp&quot;:&quot;0&quot;,&quot;copyright&quot;:&quot;&quot;,&quot;focal_length&quot;:&quot;0&quot;,&quot;iso&quot;:&quot;0&quot;,&quot;shutter_speed&quot;:&quot;0&quot;,&quot;title&quot;:&quot;&quot;,&quot;orientation&quot;:&quot;0&quot;}\" data-image-title=\"YDC\" data-image-description=\"\" data-image-caption=\"\" data-large-file=\"https:\/\/i0.wp.com\/federacioncantabradehipica.com\/web\/wp-content\/uploads\/2017\/12\/YDC.jpg?fit=232%2C164&amp;ssl=1\" class=\"size-full wp-image-5546 alignright\" src=\"https:\/\/i0.wp.com\/federacioncantabradehipica.com\/web\/wp-content\/uploads\/2017\/12\/YDC.jpg?resize=232%2C164\" alt=\"\" width=\"232\" height=\"164\" srcset=\"https:\/\/i0.wp.com\/federacioncantabradehipica.com\/web\/wp-content\/uploads\/2017\/12\/YDC.jpg?w=232&amp;ssl=1 232w, https:\/\/i0.wp.com\/federacioncantabradehipica.com\/web\/wp-content\/uploads\/2017\/12\/YDC.jpg?resize=150%2C106&amp;ssl=1 150w\" sizes=\"auto, (max-width: 232px) 100vw, 232px\" \/>-Direcci\u00f3n:\u00a0Barrio El Cristo 23.C.P.:39715. Entrambasaguas (Cantabria).<br \/>\n-Tel\u00e9fono:\u00a0660 272 033 \/\u00a0636 106 206<br \/>\n-Fax: &#8211;<br \/>\n-Correo electr\u00f3nico:<br \/>\n-P\u00e1gina web:<br \/>\n-C\u00f3digo de explotaci\u00f3n:\u00a0ES390280000616<\/p>\n<p><iframe loading=\"lazy\" style=\"border: 0;\" src=\"https:\/\/www.google.com\/maps\/embed?pb=!1m18!1m12!1m3!1d2567.81342218093!2d-3.687986084780077!3d43.37454227913179!2m3!1f0!2f0!3f0!3m2!1i1024!2i768!4f13.1!3m3!1m2!1s0xd4ecbb9a5549fa5%3A0xdd023fde78e7222!2sYeguada+Diaz+Cuero!5e1!3m2!1ses!2ses!4v1456316169734\" width=\"600\" height=\"450\" frameborder=\"0\" allowfullscreen=\"allowfullscreen\"><\/iframe><\/p>\n","protected":false},"excerpt":{"rendered":"<p>-Direcci\u00f3n:\u00a0Barrio El Cristo 23.C.P.:39715. Entrambasaguas (Cantabria). -Tel\u00e9fono:\u00a0660 272 033 \/\u00a0636 106 206 -Fax: &#8211; -Correo electr\u00f3nico: -P\u00e1gina web: -C\u00f3digo de explotaci\u00f3n:\u00a0ES390280000616<\/p>\n","protected":false},"author":1,"featured_media":0,"parent":0,"menu_order":0,"comment_status":"closed","ping_status":"closed","template":"","meta":{"kt_blocks_editor_width":"","footnotes":""},"class_list":["post-3662","page","type-page","status-publish","hentry"],"jetpack_sharing_enabled":true,"jetpack_shortlink":"https:\/\/wp.me\/P3jrBv-X4","jetpack_likes_enabled":false,"_links":{"self":[{"href":"https:\/\/federacioncantabradehipica.com\/web\/index.php?rest_route=\/wp\/v2\/pages\/3662","targetHints":{"allow":["GET"]}}],"collection":[{"href":"https:\/\/federacioncantabradehipica.com\/web\/index.php?rest_route=\/wp\/v2\/pages"}],"about":[{"href":"https:\/\/federacioncantabradehipica.com\/web\/index.php?rest_route=\/wp\/v2\/types\/page"}],"author":[{"embeddable":true,"href":"https:\/\/federacioncantabradehipica.com\/web\/index.php?rest_route=\/wp\/v2\/users\/1"}],"replies":[{"embeddable":true,"href":"https:\/\/federacioncantabradehipica.com\/web\/index.php?rest_route=%2Fwp%2Fv2%2Fcomments&post=3662"}],"version-history":[{"count":3,"href":"https:\/\/federacioncantabradehipica.com\/web\/index.php?rest_route=\/wp\/v2\/pages\/3662\/revisions"}],"predecessor-version":[{"id":5575,"href":"https:\/\/federacioncantabradehipica.com\/web\/index.php?rest_route=\/wp\/v2\/pages\/3662\/revisions\/5575"}],"wp:attachment":[{"href":"https:\/\/federacioncantabradehipica.com\/web\/index.php?rest_route=%2Fwp%2Fv2%2Fmedia&parent=3662"}],"curies":[{"name":"wp","href":"https:\/\/api.w.org\/{rel}","templated":true}]}}