{"id":446,"date":"2013-03-13T08:43:25","date_gmt":"2013-03-13T07:43:25","guid":{"rendered":"http:\/\/federacioncantabradehipica.com\/web\/?page_id=446"},"modified":"2024-08-11T19:03:58","modified_gmt":"2024-08-11T17:03:58","slug":"saludo-del-presidente","status":"publish","type":"page","link":"https:\/\/federacioncantabradehipica.com\/web\/?page_id=446","title":{"rendered":"Saludo"},"content":{"rendered":"<p><img data-recalc-dims=\"1\" loading=\"lazy\" decoding=\"async\" data-attachment-id=\"4875\" data-permalink=\"https:\/\/federacioncantabradehipica.com\/web\/?attachment_id=4875\" data-orig-file=\"https:\/\/i0.wp.com\/federacioncantabradehipica.com\/web\/wp-content\/uploads\/2013\/03\/Roberto-Laherran-presidente-FCH.jpg?fit=1280%2C854&amp;ssl=1\" data-orig-size=\"1280,854\" data-comments-opened=\"0\" data-image-meta=\"{&quot;aperture&quot;:&quot;0&quot;,&quot;credit&quot;:&quot;&quot;,&quot;camera&quot;:&quot;&quot;,&quot;caption&quot;:&quot;&quot;,&quot;created_timestamp&quot;:&quot;0&quot;,&quot;copyright&quot;:&quot;&quot;,&quot;focal_length&quot;:&quot;0&quot;,&quot;iso&quot;:&quot;0&quot;,&quot;shutter_speed&quot;:&quot;0&quot;,&quot;title&quot;:&quot;&quot;,&quot;orientation&quot;:&quot;0&quot;}\" data-image-title=\"Roberto-Laherran-presidente-FCH\" data-image-description=\"\" data-image-caption=\"\" data-large-file=\"https:\/\/i0.wp.com\/federacioncantabradehipica.com\/web\/wp-content\/uploads\/2013\/03\/Roberto-Laherran-presidente-FCH.jpg?fit=1024%2C683&amp;ssl=1\" class=\"size-medium wp-image-4875 alignright\" src=\"https:\/\/i0.wp.com\/federacioncantabradehipica.com\/web\/wp-content\/uploads\/2013\/03\/Roberto-Laherran-presidente-FCH-300x200.jpg?resize=300%2C200\" alt=\"\" width=\"300\" height=\"200\" srcset=\"https:\/\/i0.wp.com\/federacioncantabradehipica.com\/web\/wp-content\/uploads\/2013\/03\/Roberto-Laherran-presidente-FCH.jpg?resize=300%2C200&amp;ssl=1 300w, https:\/\/i0.wp.com\/federacioncantabradehipica.com\/web\/wp-content\/uploads\/2013\/03\/Roberto-Laherran-presidente-FCH.jpg?resize=150%2C100&amp;ssl=1 150w, https:\/\/i0.wp.com\/federacioncantabradehipica.com\/web\/wp-content\/uploads\/2013\/03\/Roberto-Laherran-presidente-FCH.jpg?resize=1024%2C683&amp;ssl=1 1024w, https:\/\/i0.wp.com\/federacioncantabradehipica.com\/web\/wp-content\/uploads\/2013\/03\/Roberto-Laherran-presidente-FCH.jpg?w=1280&amp;ssl=1 1280w\" sizes=\"auto, (max-width: 300px) 100vw, 300px\" \/><\/p>\n<p>Estimado amigo,<\/p>\n<p style=\"text-align: justify;\">Bienvenidos al portal web de la Federaci\u00f3n C\u00e1ntabra de H\u00edpica, iniciamos un nuevo proyecto y una nueva ilusi\u00f3n: llegar m\u00e1s r\u00e1pido a nuestros federados y amigos a trav\u00e9s de Internet.<\/p>\n<p style=\"text-align: justify;\">A trav\u00e9s de nuestra p\u00e1gina queremos difundir toda informaci\u00f3n detallada sobre la actualidad de la Federaci\u00f3n, as\u00ed como todo lo relacionado con la competici\u00f3n, cursos, seminarios&#8230;<\/p>\n<p style=\"text-align: justify;\">El 26 de noviembre de 2012, la Asamblea General de la Federaci\u00f3n C\u00e1ntabra de H\u00edpica decidi\u00f3 elegirme como nuevo presidente de la F.C.H, desde entonces cumplo con el objetivo de seguir trabajando y consolidando el proyecto iniciado.<\/p>\n<p style=\"text-align: justify;\">Sin duda, es para mi un honor dicho nombramiento. Una \u00a0responsabilidad ante esta\u00a0nueva etapa que se abre en la h\u00edpica c\u00e1ntabra, una nueva etapa que desde la Federaci\u00f3n C\u00e1ntabra de H\u00edpica afrontamos con mucha ilusi\u00f3n, con nuevos proyectos y nuevas ideas.<\/p>\n<p style=\"text-align: justify;\">Por ello, desde la Federaci\u00f3n C\u00e1ntabra de H\u00edpica, nos ponemos a vuestra disposici\u00f3n para seguir creciendo.<\/p>\n<p>Atentamente,<\/p>\n<p style=\"text-align: right;\"><strong>Roberto Laherr\u00e1n Fern\u00e1ndez<\/strong>.<br \/>\nPresidente de la Federaci\u00f3n C\u00e1ntabra de H\u00edpica<\/p>\n","protected":false},"excerpt":{"rendered":"<p>Estimado amigo, Bienvenidos al portal web de la Federaci\u00f3n C\u00e1ntabra de H\u00edpica, iniciamos un nuevo proyecto y una nueva ilusi\u00f3n: llegar m\u00e1s r\u00e1pido a nuestros federados y amigos a trav\u00e9s de Internet. A trav\u00e9s de nuestra p\u00e1gina queremos difundir toda &hellip; <a href=\"https:\/\/federacioncantabradehipica.com\/web\/?page_id=446\">Continuar<\/a><\/p>\n","protected":false},"author":1,"featured_media":0,"parent":0,"menu_order":0,"comment_status":"closed","ping_status":"closed","template":"","meta":{"kt_blocks_editor_width":"","footnotes":""},"class_list":["post-446","page","type-page","status-publish","hentry"],"jetpack_sharing_enabled":true,"jetpack_shortlink":"https:\/\/wp.me\/P3jrBv-7c","jetpack_likes_enabled":false,"_links":{"self":[{"href":"https:\/\/federacioncantabradehipica.com\/web\/index.php?rest_route=\/wp\/v2\/pages\/446","targetHints":{"allow":["GET"]}}],"collection":[{"href":"https:\/\/federacioncantabradehipica.com\/web\/index.php?rest_route=\/wp\/v2\/pages"}],"about":[{"href":"https:\/\/federacioncantabradehipica.com\/web\/index.php?rest_route=\/wp\/v2\/types\/page"}],"author":[{"embeddable":true,"href":"https:\/\/federacioncantabradehipica.com\/web\/index.php?rest_route=\/wp\/v2\/users\/1"}],"replies":[{"embeddable":true,"href":"https:\/\/federacioncantabradehipica.com\/web\/index.php?rest_route=%2Fwp%2Fv2%2Fcomments&post=446"}],"version-history":[{"count":10,"href":"https:\/\/federacioncantabradehipica.com\/web\/index.php?rest_route=\/wp\/v2\/pages\/446\/revisions"}],"predecessor-version":[{"id":11558,"href":"https:\/\/federacioncantabradehipica.com\/web\/index.php?rest_route=\/wp\/v2\/pages\/446\/revisions\/11558"}],"wp:attachment":[{"href":"https:\/\/federacioncantabradehipica.com\/web\/index.php?rest_route=%2Fwp%2Fv2%2Fmedia&parent=446"}],"curies":[{"name":"wp","href":"https:\/\/api.w.org\/{rel}","templated":true}]}}