{"id":448,"date":"2024-03-13T08:43:49","date_gmt":"2024-03-13T07:43:49","guid":{"rendered":"http:\/\/federacioncantabradehipica.com\/web\/?page_id=448"},"modified":"2025-04-15T23:25:45","modified_gmt":"2025-04-15T21:25:45","slug":"organigrama","status":"publish","type":"page","link":"https:\/\/federacioncantabradehipica.com\/web\/?page_id=448","title":{"rendered":"Organigrama"},"content":{"rendered":"<p style=\"text-align: center;\"><img data-recalc-dims=\"1\" loading=\"lazy\" decoding=\"async\" data-attachment-id=\"4874\" data-permalink=\"https:\/\/federacioncantabradehipica.com\/web\/?attachment_id=4874\" data-orig-file=\"https:\/\/i0.wp.com\/federacioncantabradehipica.com\/web\/wp-content\/uploads\/2017\/05\/escudo-federacion-cantabra-hipica.png?fit=900%2C600&amp;ssl=1\" data-orig-size=\"900,600\" data-comments-opened=\"0\" data-image-meta=\"{&quot;aperture&quot;:&quot;0&quot;,&quot;credit&quot;:&quot;&quot;,&quot;camera&quot;:&quot;&quot;,&quot;caption&quot;:&quot;&quot;,&quot;created_timestamp&quot;:&quot;0&quot;,&quot;copyright&quot;:&quot;&quot;,&quot;focal_length&quot;:&quot;0&quot;,&quot;iso&quot;:&quot;0&quot;,&quot;shutter_speed&quot;:&quot;0&quot;,&quot;title&quot;:&quot;&quot;,&quot;orientation&quot;:&quot;0&quot;}\" data-image-title=\"escudo-federacion-cantabra-hipica\" data-image-description=\"\" data-image-caption=\"\" data-large-file=\"https:\/\/i0.wp.com\/federacioncantabradehipica.com\/web\/wp-content\/uploads\/2017\/05\/escudo-federacion-cantabra-hipica.png?fit=900%2C600&amp;ssl=1\" class=\"size-medium wp-image-4874 aligncenter\" src=\"https:\/\/i0.wp.com\/federacioncantabradehipica.com\/web\/wp-content\/uploads\/2017\/05\/escudo-federacion-cantabra-hipica-300x200.png?resize=300%2C200\" alt=\"\" width=\"300\" height=\"200\" srcset=\"https:\/\/i0.wp.com\/federacioncantabradehipica.com\/web\/wp-content\/uploads\/2017\/05\/escudo-federacion-cantabra-hipica.png?resize=300%2C200&amp;ssl=1 300w, https:\/\/i0.wp.com\/federacioncantabradehipica.com\/web\/wp-content\/uploads\/2017\/05\/escudo-federacion-cantabra-hipica.png?resize=150%2C100&amp;ssl=1 150w, https:\/\/i0.wp.com\/federacioncantabradehipica.com\/web\/wp-content\/uploads\/2017\/05\/escudo-federacion-cantabra-hipica.png?w=900&amp;ssl=1 900w\" sizes=\"auto, (max-width: 300px) 100vw, 300px\" \/><\/p>\n<p style=\"text-align: center;\">JUNTA DIRECTIVA DE LA FEDERACI\u00d3N C\u00c1NTABRA DE H\u00cdPICA (2024-2028)<\/p>\n<ul>\n<li><strong>PRESIDENTE<\/strong>: D. ROBERTO LAHERR\u00c1N FERN\u00c1NDEZ<\/li>\n<li><strong><strong>VICEPRESIDENTE: <\/strong><\/strong>D\u00aa ALMUDENA GALLEGO SAN JOS\u00c9<\/li>\n<li><strong>SECRETARIO: <\/strong>D. FAUSTO URIARTE GONZALEZ<\/li>\n<li><strong>TESORERO:<\/strong> D. PEDRO VILLATE PELL\u00d3N<br \/>\n<hr \/>\n<\/li>\n<li><strong>VOCAL DE ENSE\u00d1ANZA:<\/strong> D\u00aa ALMUDENA GALLEGO SAN JOS\u00c9<\/li>\n<li><strong>VOCAL DOMA CL\u00c1SICA:<\/strong> D\u00aa MAR\u00cdA JOS\u00c9 VENERO HOYO<\/li>\n<li><strong>VOCAL DE SALTOS:<\/strong> D\u00aa B\u00c1RBARA MILL\u00c1N D\u00cdEZ<\/li>\n<li><strong>VOCAL DE RAID:<\/strong> D. JOSE GABRIEL MOLINA PI\u00c9LAGOS<\/li>\n<li><strong>VOCAL DE PONIS, VOLTEO Y COMPLETO (C.C.E.): <\/strong>D. JULI\u00c1N VINUESA CARBALLO<\/li>\n<li><strong>VOCAL DE TREC:<\/strong>\n<ul>\n<li>D. GERARDO LOBO ALVAREZ<\/li>\n<li>D\u00aa ISABEL EXP\u00d3SITO SISNIEGA<\/li>\n<\/ul>\n<\/li>\n<li><strong>COMIT\u00c9 DISCIPLINARIO:<\/strong> D\u00aa CARMEN CAGIGAL RUIZ<\/li>\n<li><strong>VOCAL:<\/strong> D. ALFONSO BRINGAS VELASCO<\/li>\n<li><strong>VOCAL:<\/strong> D. JUAN CARLOS RUIZ DE VILLA<\/li>\n<li><strong>VOCAL DE COMUNICACI\u00d3N:<\/strong> D. PABLO LANZA POSTIGO<\/li>\n<\/ul>\n","protected":false},"excerpt":{"rendered":"<p>JUNTA DIRECTIVA DE LA FEDERACI\u00d3N C\u00c1NTABRA DE H\u00cdPICA (2024-2028) PRESIDENTE: D. ROBERTO LAHERR\u00c1N FERN\u00c1NDEZ VICEPRESIDENTE: D\u00aa ALMUDENA GALLEGO SAN JOS\u00c9 SECRETARIO: D. FAUSTO URIARTE GONZALEZ TESORERO: D. PEDRO VILLATE PELL\u00d3N VOCAL DE ENSE\u00d1ANZA: D\u00aa ALMUDENA GALLEGO SAN JOS\u00c9 VOCAL DOMA &hellip; <a href=\"https:\/\/federacioncantabradehipica.com\/web\/?page_id=448\">Continuar<\/a><\/p>\n","protected":false},"author":1,"featured_media":0,"parent":0,"menu_order":0,"comment_status":"closed","ping_status":"closed","template":"","meta":{"kt_blocks_editor_width":"","footnotes":""},"class_list":["post-448","page","type-page","status-publish","hentry"],"jetpack_sharing_enabled":true,"jetpack_shortlink":"https:\/\/wp.me\/P3jrBv-7e","jetpack_likes_enabled":false,"_links":{"self":[{"href":"https:\/\/federacioncantabradehipica.com\/web\/index.php?rest_route=\/wp\/v2\/pages\/448","targetHints":{"allow":["GET"]}}],"collection":[{"href":"https:\/\/federacioncantabradehipica.com\/web\/index.php?rest_route=\/wp\/v2\/pages"}],"about":[{"href":"https:\/\/federacioncantabradehipica.com\/web\/index.php?rest_route=\/wp\/v2\/types\/page"}],"author":[{"embeddable":true,"href":"https:\/\/federacioncantabradehipica.com\/web\/index.php?rest_route=\/wp\/v2\/users\/1"}],"replies":[{"embeddable":true,"href":"https:\/\/federacioncantabradehipica.com\/web\/index.php?rest_route=%2Fwp%2Fv2%2Fcomments&post=448"}],"version-history":[{"count":18,"href":"https:\/\/federacioncantabradehipica.com\/web\/index.php?rest_route=\/wp\/v2\/pages\/448\/revisions"}],"predecessor-version":[{"id":12003,"href":"https:\/\/federacioncantabradehipica.com\/web\/index.php?rest_route=\/wp\/v2\/pages\/448\/revisions\/12003"}],"wp:attachment":[{"href":"https:\/\/federacioncantabradehipica.com\/web\/index.php?rest_route=%2Fwp%2Fv2%2Fmedia&parent=448"}],"curies":[{"name":"wp","href":"https:\/\/api.w.org\/{rel}","templated":true}]}}