{"id":457,"date":"2024-03-24T15:18:33","date_gmt":"2024-03-24T14:18:33","guid":{"rendered":"http:\/\/federacioncantabradehipica.com\/web\/?page_id=457"},"modified":"2025-09-17T08:31:21","modified_gmt":"2025-09-17T06:31:21","slug":"reglamento","status":"publish","type":"page","link":"https:\/\/federacioncantabradehipica.com\/web\/?page_id=457","title":{"rendered":"Reglamentos"},"content":{"rendered":"<ul>\n<li><a href=\"https:\/\/federacioncantabradehipica.com\/web\/wp-content\/uploads\/2025\/04\/Reglamento-Liga-Cantabra-Salto-2025.pdf\">Reglamento &#8211; Liga C\u00e1ntabra Salto (2025)<\/a><\/li>\n<li><a href=\"https:\/\/federacioncantabradehipica.com\/web\/wp-content\/uploads\/2025\/04\/REGLAMENTO-DE-LA-LIGA-DE-DOMA-CLASICA-DE-2025.docx.pdf\">Reglamento &#8211; Liga C\u00e1ntabra &#8211; Doma Cl\u00e1sica (2025)<\/a><\/li>\n<\/ul>\n<hr \/>\n<ul>\n<li><a href=\"https:\/\/federacioncantabradehipica.com\/web\/wp-content\/uploads\/2025\/09\/CTO.-CANT.-2025-REGLAMENTO-3.pdf\">Reglamento &#8211; Campeonato Cantabria &#8211; Doma Cl\u00e1sica (2025)<\/a><\/li>\n<li><a href=\"https:\/\/federacioncantabradehipica.com\/web\/wp-content\/uploads\/2025\/05\/REGLAMENTO-DEL-CAMPEONATO-DE-CANTABRIA-2025.pdf\">Reglamento &#8211; Campeonato de Cantabria de Salto de Obst\u00e1culos (2025)<\/a><\/li>\n<li><a href=\"https:\/\/federacioncantabradehipica.com\/web\/wp-content\/uploads\/2025\/05\/Reglamento-de-Cantabria-de-salto-de-ponis-2025-1.pdf\">Reglamento de Cantabria de Salto de Ponis (2025)<\/a> <span style=\"color: #ff0000;\"><strong>MODIFICADO EL 01\/01\/2025<\/strong><\/span><\/li>\n<li>Reglamento &#8211; Campeonato Cantabria &#8211; CCE<\/li>\n<\/ul>\n<hr \/>\n<ul>\n<li><strong><a href=\"http:\/\/federacioncantabradehipica.com\/web\/wp-content\/uploads\/2016\/05\/Repriseasientoyposicion2015.pdf\">Reprise de la Federaci\u00f3n C\u00e1ntabra de H\u00edpica (FCH)<\/a><\/strong> &#8211; Asiento y posici\u00f3n<\/li>\n<li><a href=\"http:\/\/www.rfhe.com\/doma-clasica\/reprises\/\"><strong>Reprises de la Real Federaci\u00f3n H\u00edpica Espa\u00f1ola (RFHE)<\/strong><\/a><\/li>\n<\/ul>\n<p>&nbsp;<\/p>\n<p>&nbsp;<\/p>\n<p>&nbsp;<\/p>\n","protected":false},"excerpt":{"rendered":"<p>Reglamento &#8211; Liga C\u00e1ntabra Salto (2025) Reglamento &#8211; Liga C\u00e1ntabra &#8211; Doma Cl\u00e1sica (2025) Reglamento &#8211; Campeonato Cantabria &#8211; Doma Cl\u00e1sica (2025) Reglamento &#8211; Campeonato de Cantabria de Salto de Obst\u00e1culos (2025) Reglamento de Cantabria de Salto de Ponis (2025) &hellip; <a href=\"https:\/\/federacioncantabradehipica.com\/web\/?page_id=457\">Continuar<\/a><\/p>\n","protected":false},"author":1,"featured_media":0,"parent":0,"menu_order":0,"comment_status":"closed","ping_status":"closed","template":"","meta":{"kt_blocks_editor_width":"","footnotes":""},"class_list":["post-457","page","type-page","status-publish","hentry"],"jetpack_sharing_enabled":true,"jetpack_shortlink":"https:\/\/wp.me\/P3jrBv-7n","jetpack_likes_enabled":false,"_links":{"self":[{"href":"https:\/\/federacioncantabradehipica.com\/web\/index.php?rest_route=\/wp\/v2\/pages\/457","targetHints":{"allow":["GET"]}}],"collection":[{"href":"https:\/\/federacioncantabradehipica.com\/web\/index.php?rest_route=\/wp\/v2\/pages"}],"about":[{"href":"https:\/\/federacioncantabradehipica.com\/web\/index.php?rest_route=\/wp\/v2\/types\/page"}],"author":[{"embeddable":true,"href":"https:\/\/federacioncantabradehipica.com\/web\/index.php?rest_route=\/wp\/v2\/users\/1"}],"replies":[{"embeddable":true,"href":"https:\/\/federacioncantabradehipica.com\/web\/index.php?rest_route=%2Fwp%2Fv2%2Fcomments&post=457"}],"version-history":[{"count":95,"href":"https:\/\/federacioncantabradehipica.com\/web\/index.php?rest_route=\/wp\/v2\/pages\/457\/revisions"}],"predecessor-version":[{"id":12311,"href":"https:\/\/federacioncantabradehipica.com\/web\/index.php?rest_route=\/wp\/v2\/pages\/457\/revisions\/12311"}],"wp:attachment":[{"href":"https:\/\/federacioncantabradehipica.com\/web\/index.php?rest_route=%2Fwp%2Fv2%2Fmedia&parent=457"}],"curies":[{"name":"wp","href":"https:\/\/api.w.org\/{rel}","templated":true}]}}