{"id":5640,"date":"2018-01-24T21:49:27","date_gmt":"2018-01-24T20:49:27","guid":{"rendered":"http:\/\/federacioncantabradehipica.com\/web\/?page_id=5640"},"modified":"2018-01-24T22:00:48","modified_gmt":"2018-01-24T21:00:48","slug":"centro-ecuestre-las-quintas","status":"publish","type":"page","link":"https:\/\/federacioncantabradehipica.com\/web\/?page_id=5640","title":{"rendered":"Centro Ecuestre La Quinta"},"content":{"rendered":"<p><strong><img data-recalc-dims=\"1\" loading=\"lazy\" decoding=\"async\" data-attachment-id=\"5642\" data-permalink=\"https:\/\/federacioncantabradehipica.com\/web\/?attachment_id=5642\" data-orig-file=\"https:\/\/i0.wp.com\/federacioncantabradehipica.com\/web\/wp-content\/uploads\/2018\/01\/logotipo-laquinta.png?fit=394%2C787&amp;ssl=1\" data-orig-size=\"394,787\" data-comments-opened=\"0\" data-image-meta=\"{&quot;aperture&quot;:&quot;0&quot;,&quot;credit&quot;:&quot;&quot;,&quot;camera&quot;:&quot;&quot;,&quot;caption&quot;:&quot;&quot;,&quot;created_timestamp&quot;:&quot;0&quot;,&quot;copyright&quot;:&quot;&quot;,&quot;focal_length&quot;:&quot;0&quot;,&quot;iso&quot;:&quot;0&quot;,&quot;shutter_speed&quot;:&quot;0&quot;,&quot;title&quot;:&quot;&quot;,&quot;orientation&quot;:&quot;0&quot;}\" data-image-title=\"logotipo-laquinta\" data-image-description=\"\" data-image-caption=\"\" data-large-file=\"https:\/\/i0.wp.com\/federacioncantabradehipica.com\/web\/wp-content\/uploads\/2018\/01\/logotipo-laquinta.png?fit=394%2C787&amp;ssl=1\" class=\"size-medium wp-image-5642 alignright\" src=\"https:\/\/i0.wp.com\/federacioncantabradehipica.com\/web\/wp-content\/uploads\/2018\/01\/logotipo-laquinta-150x300.png?resize=150%2C300\" alt=\"\" width=\"150\" height=\"300\" srcset=\"https:\/\/i0.wp.com\/federacioncantabradehipica.com\/web\/wp-content\/uploads\/2018\/01\/logotipo-laquinta.png?resize=150%2C300&amp;ssl=1 150w, https:\/\/i0.wp.com\/federacioncantabradehipica.com\/web\/wp-content\/uploads\/2018\/01\/logotipo-laquinta.png?resize=75%2C150&amp;ssl=1 75w, https:\/\/i0.wp.com\/federacioncantabradehipica.com\/web\/wp-content\/uploads\/2018\/01\/logotipo-laquinta.png?w=394&amp;ssl=1 394w\" sizes=\"auto, (max-width: 150px) 100vw, 150px\" \/>Direcci\u00f3n<\/strong>: Barrio San Roque s\/n Tarrueza -Laredo 39770<br \/>\n<strong>Tel\u00e9fono<\/strong>: 675-725119<br \/>\n<strong>Web<\/strong>: centroecuestrelaquinta.es<br \/>\n<strong>Correo<\/strong>: laquintamjv@yahoo.es<br \/>\nC\u00f3digo explotaci\u00f3n: ES 390350000385<\/p>\n<ul>\n<li>15 Boxes (m\u00ednimo de 3&#215;3 metros),todos con ventana,bebedero autom\u00e1tico y luz.<\/li>\n<li>Guadarneses.<\/li>\n<li>Almac\u00e9n.<\/li>\n<li>Duchas.<\/li>\n<li>Zona social.<\/li>\n<li>Pista redonda.<\/li>\n<li>Pista de 15x20m.<\/li>\n<li>Pista de 23x62m de arena de s\u00edlice.<\/li>\n<li>6 paddock grandes en buen uso todo el a\u00f1o.<\/li>\n<li>2 hect\u00e1reas de prado.<\/li>\n<\/ul>\n","protected":false},"excerpt":{"rendered":"<p>Direcci\u00f3n: Barrio San Roque s\/n Tarrueza -Laredo 39770 Tel\u00e9fono: 675-725119 Web: centroecuestrelaquinta.es Correo: laquintamjv@yahoo.es C\u00f3digo explotaci\u00f3n: ES 390350000385 15 Boxes (m\u00ednimo de 3&#215;3 metros),todos con ventana,bebedero autom\u00e1tico y luz. Guadarneses. Almac\u00e9n. Duchas. Zona social. Pista redonda. Pista de 15x20m. Pista &hellip; <a href=\"https:\/\/federacioncantabradehipica.com\/web\/?page_id=5640\">Continuar<\/a><\/p>\n","protected":false},"author":1,"featured_media":0,"parent":0,"menu_order":0,"comment_status":"closed","ping_status":"closed","template":"","meta":{"kt_blocks_editor_width":"","footnotes":""},"class_list":["post-5640","page","type-page","status-publish","hentry"],"jetpack_sharing_enabled":true,"jetpack_shortlink":"https:\/\/wp.me\/P3jrBv-1sY","jetpack_likes_enabled":false,"_links":{"self":[{"href":"https:\/\/federacioncantabradehipica.com\/web\/index.php?rest_route=\/wp\/v2\/pages\/5640","targetHints":{"allow":["GET"]}}],"collection":[{"href":"https:\/\/federacioncantabradehipica.com\/web\/index.php?rest_route=\/wp\/v2\/pages"}],"about":[{"href":"https:\/\/federacioncantabradehipica.com\/web\/index.php?rest_route=\/wp\/v2\/types\/page"}],"author":[{"embeddable":true,"href":"https:\/\/federacioncantabradehipica.com\/web\/index.php?rest_route=\/wp\/v2\/users\/1"}],"replies":[{"embeddable":true,"href":"https:\/\/federacioncantabradehipica.com\/web\/index.php?rest_route=%2Fwp%2Fv2%2Fcomments&post=5640"}],"version-history":[{"count":3,"href":"https:\/\/federacioncantabradehipica.com\/web\/index.php?rest_route=\/wp\/v2\/pages\/5640\/revisions"}],"predecessor-version":[{"id":5647,"href":"https:\/\/federacioncantabradehipica.com\/web\/index.php?rest_route=\/wp\/v2\/pages\/5640\/revisions\/5647"}],"wp:attachment":[{"href":"https:\/\/federacioncantabradehipica.com\/web\/index.php?rest_route=%2Fwp%2Fv2%2Fmedia&parent=5640"}],"curies":[{"name":"wp","href":"https:\/\/api.w.org\/{rel}","templated":true}]}}