{"id":6847,"date":"2019-02-04T23:49:10","date_gmt":"2019-02-04T22:49:10","guid":{"rendered":"http:\/\/federacioncantabradehipica.com\/web\/?page_id=6847"},"modified":"2019-02-04T23:51:22","modified_gmt":"2019-02-04T22:51:22","slug":"centro-ecuestre-los-caballucos","status":"publish","type":"page","link":"https:\/\/federacioncantabradehipica.com\/web\/?page_id=6847","title":{"rendered":"Centro Ecuestre Los Caballucos"},"content":{"rendered":"<p><strong><img data-recalc-dims=\"1\" loading=\"lazy\" decoding=\"async\" data-attachment-id=\"6851\" data-permalink=\"https:\/\/federacioncantabradehipica.com\/web\/?attachment_id=6851\" data-orig-file=\"https:\/\/i0.wp.com\/federacioncantabradehipica.com\/web\/wp-content\/uploads\/2019\/02\/celos.png?fit=260%2C184&amp;ssl=1\" data-orig-size=\"260,184\" data-comments-opened=\"0\" data-image-meta=\"{&quot;aperture&quot;:&quot;0&quot;,&quot;credit&quot;:&quot;&quot;,&quot;camera&quot;:&quot;&quot;,&quot;caption&quot;:&quot;&quot;,&quot;created_timestamp&quot;:&quot;0&quot;,&quot;copyright&quot;:&quot;&quot;,&quot;focal_length&quot;:&quot;0&quot;,&quot;iso&quot;:&quot;0&quot;,&quot;shutter_speed&quot;:&quot;0&quot;,&quot;title&quot;:&quot;&quot;,&quot;orientation&quot;:&quot;0&quot;}\" data-image-title=\"celos\" data-image-description=\"\" data-image-caption=\"\" data-large-file=\"https:\/\/i0.wp.com\/federacioncantabradehipica.com\/web\/wp-content\/uploads\/2019\/02\/celos.png?fit=260%2C184&amp;ssl=1\" class=\"size-full wp-image-6851 alignright\" src=\"https:\/\/i0.wp.com\/federacioncantabradehipica.com\/web\/wp-content\/uploads\/2019\/02\/celos.png?resize=260%2C184\" alt=\"\" width=\"260\" height=\"184\" srcset=\"https:\/\/i0.wp.com\/federacioncantabradehipica.com\/web\/wp-content\/uploads\/2019\/02\/celos.png?w=260&amp;ssl=1 260w, https:\/\/i0.wp.com\/federacioncantabradehipica.com\/web\/wp-content\/uploads\/2019\/02\/celos.png?resize=150%2C106&amp;ssl=1 150w\" sizes=\"auto, (max-width: 260px) 100vw, 260px\" \/>Nombre<\/strong>: Centro Ecuestre Los Caballucos<\/p>\n<p><strong>Direcci\u00f3n<\/strong>: Barrio Las Lastras 14-A, Hazas de Cesto.<\/p>\n<p><strong>Tel\u00e9fono de contacto<\/strong>: 618 608 379.<\/p>\n<p><strong>P\u00e1gina web<\/strong>: <a href=\"http:\/\/www.loscaballucos.com\">www.loscaballucos.com<\/a><\/p>\n","protected":false},"excerpt":{"rendered":"<p>Nombre: Centro Ecuestre Los Caballucos Direcci\u00f3n: Barrio Las Lastras 14-A, Hazas de Cesto. Tel\u00e9fono de contacto: 618 608 379. P\u00e1gina web: www.loscaballucos.com<\/p>\n","protected":false},"author":1,"featured_media":0,"parent":0,"menu_order":0,"comment_status":"closed","ping_status":"closed","template":"","meta":{"kt_blocks_editor_width":"","footnotes":""},"class_list":["post-6847","page","type-page","status-publish","hentry"],"jetpack_sharing_enabled":true,"jetpack_shortlink":"https:\/\/wp.me\/P3jrBv-1Mr","jetpack_likes_enabled":false,"_links":{"self":[{"href":"https:\/\/federacioncantabradehipica.com\/web\/index.php?rest_route=\/wp\/v2\/pages\/6847","targetHints":{"allow":["GET"]}}],"collection":[{"href":"https:\/\/federacioncantabradehipica.com\/web\/index.php?rest_route=\/wp\/v2\/pages"}],"about":[{"href":"https:\/\/federacioncantabradehipica.com\/web\/index.php?rest_route=\/wp\/v2\/types\/page"}],"author":[{"embeddable":true,"href":"https:\/\/federacioncantabradehipica.com\/web\/index.php?rest_route=\/wp\/v2\/users\/1"}],"replies":[{"embeddable":true,"href":"https:\/\/federacioncantabradehipica.com\/web\/index.php?rest_route=%2Fwp%2Fv2%2Fcomments&post=6847"}],"version-history":[{"count":2,"href":"https:\/\/federacioncantabradehipica.com\/web\/index.php?rest_route=\/wp\/v2\/pages\/6847\/revisions"}],"predecessor-version":[{"id":6853,"href":"https:\/\/federacioncantabradehipica.com\/web\/index.php?rest_route=\/wp\/v2\/pages\/6847\/revisions\/6853"}],"wp:attachment":[{"href":"https:\/\/federacioncantabradehipica.com\/web\/index.php?rest_route=%2Fwp%2Fv2%2Fmedia&parent=6847"}],"curies":[{"name":"wp","href":"https:\/\/api.w.org\/{rel}","templated":true}]}}